{"id":2753,"date":"2023-10-31T10:21:14","date_gmt":"2023-10-31T10:21:14","guid":{"rendered":"https:\/\/acompanha.pt\/?page_id=2753"},"modified":"2025-12-11T00:56:57","modified_gmt":"2025-12-11T00:56:57","slug":"programa-de-rastreios-de-saude-a-comunidade-2","status":"publish","type":"page","link":"https:\/\/acompanha.pt\/index.php\/programa-de-rastreios-de-saude-a-comunidade-2\/","title":{"rendered":"PROGRAMA DE RASTREIOS DE SA\u00daDE \u00c0 COMUNIDADE"},"content":{"rendered":"<div class=\"brz-root__container brz-reset-all\">\n<section data-uid=\"noonwkpzwkcvwqdqtvafsomvmzjwrypwohkg\" id=\"noonwkpzwkcvwqdqtvafsomvmzjwrypwohkg\" class=\"brz-section brz-css-dweqm\">\n<div class=\"brz-section__content brz-section--boxed brz-css-rymqd brz-css-hymur\" data-custom-id=\"rdkvrtaaboeqijioktxknkkhkwiadjcbettu\">\n<div class=\"brz-container brz-css-ewqsg\">\n<div class=\"brz-row__container brz-css-rgunh\" data-custom-id=\"outvckxhyutwtuuwjnjgpptrnakxzvyrscjy\">\n<div class=\"brz-bg overflow-hidden !z-auto absolute top-0 left-0 w-full h-full\"><\/div>\n<div class=\"brz-row brz-css-nmfvs brz-css-edbnz\">\n<div class=\"brz-columns brz-css-pzqqg brz-css-hstic\" data-custom-id=\"jbzdwgtpyumpqwgeuabscsggytjwtuhkjtuv\">\n<div class=\"brz-bg overflow-hidden !z-auto absolute top-0 left-0 w-full h-full\"><\/div>\n<div class=\"brz-column__items brz-css-tfuma\">\n<div class=\"brz-wrapper-clone brz-css-znvbs\">\n<div class=\"brz-d-xs-flex brz-flex-xs-wrap brz-css-oagtj brz-css-elgzf\">\n<div class=\"brz-wrapper-clone__item\" id=\"dosduniftrrigjjvlqpbdypnhjimqpegjbtl\">\n<div class=\"brz-icon__container\" data-custom-id=\"dosduniftrrigjjvlqpbdypnhjimqpegjbtl\"><a class=\"brz-a\" href=\"https:\/\/www.facebook.com\/Acompanha\" target=\"_blank\" rel=\"noopener\" data-brz-link-type=\"external\"><span class=\"brz-icon brz-span brz-css-unllw brz-css-ipkkd\"><\/span><\/a><\/div>\n<\/div>\n<\/div>\n<\/div>\n<\/div>\n<\/div>\n<div class=\"brz-columns brz-css-pzqqg brz-css-jiccm\" data-custom-id=\"xoeyutulivcspjtxkwupzbpmjivmbcvwbeua\">\n<div class=\"brz-bg overflow-hidden !z-auto absolute top-0 left-0 w-full h-full\"><\/div>\n<div class=\"brz-column__items brz-css-tfuma\">\n<div class=\"brz-wrapper-clone brz-css-znvbs\">\n<div class=\"brz-d-xs-flex brz-flex-xs-wrap brz-css-oagtj\">\n<div class=\"brz-wrapper-clone__item\" id=\"gkdldmvjlurtmrfddrvioxtweqlylxxfowtr\">\n<div class=\"brz-icon__container\" data-custom-id=\"gkdldmvjlurtmrfddrvioxtweqlylxxfowtr\"><a class=\"brz-a\" href=\"https:\/\/acompanha.pt\/\" target=\"_self\" rel=\"noopener\" data-brz-link-type=\"page\"><span class=\"brz-icon brz-span brz-css-unllw brz-css-vqblm\"><!--! Font Awesome Free 6.4.0 by @fontawesome - https:\/\/fontawesome.com License - https:\/\/fontawesome.com\/license\/free (Icons: CC BY 4.0, Fonts: SIL OFL 1.1, Code: MIT License) Copyright 2023 Fonticons, Inc. --><\/span><\/a><\/div>\n<\/div>\n<\/div>\n<\/div>\n<\/div>\n<\/div>\n<div class=\"brz-columns brz-css-pzqqg brz-css-gvzrf\" data-custom-id=\"xuumpeayecmzsujyunnytdminovwdaimkhym\">\n<div class=\"brz-bg overflow-hidden !z-auto absolute top-0 left-0 w-full h-full\">\n<div class=\"brz-bg-color absolute top-0 left-0 w-full h-full\"><\/div>\n<\/div>\n<div class=\"brz-column__items brz-css-tfuma\">\n<div id class=\"brz-css-vnsre brz-wrapper\">\n<div class=\"brz-menu-simple brz-css-ixwvk brz-css-wofpr\">\n<div style=\"min-height:20px\"><\/div>\n<\/div>\n<\/div>\n<\/div>\n<\/div>\n<div class=\"brz-columns brz-css-pzqqg brz-css-zwqom\" data-custom-id=\"zedhnnpessflttmwgxrhknxweanwujbtzibo\">\n<div class=\"brz-bg overflow-hidden !z-auto absolute top-0 left-0 w-full h-full\"><\/div>\n<div class=\"brz-column__items brz-css-tfuma\"><\/div>\n<\/div>\n<div class=\"brz-columns brz-css-pzqqg brz-css-ddhgq\" data-custom-id=\"bvaniibvcnqoklaeghckbqkpqsylwiibbjya\">\n<div class=\"brz-bg overflow-hidden !z-auto absolute top-0 left-0 w-full h-full\"><\/div>\n<div class=\"brz-column__items brz-css-tfuma\">\n<div id class=\"brz-css-vnsre brz-css-nsprr brz-wrapper\">\n<div class=\"brz-image brz-css-yysum\" data-custom-id=\"zggcpmwboyvgdniujpexqunwwbhcahxqbzkl\"><img decoding=\"async\" class=\"brz-img brz-img-svg\" src=\"https:\/\/acompanha.pt\/wp-content\/uploads\/2023\/10\/LOGO_NET.gif\" alt=\"\" loading=\"lazy\"><\/div>\n<\/div>\n<\/div>\n<\/div>\n<\/div>\n<\/div>\n<\/div>\n<\/div>\n<\/section>\n<section data-uid=\"ekoktakgngzamhmilakrygexadxfqqexocnz\" id=\"ekoktakgngzamhmilakrygexadxfqqexocnz\" class=\"brz-section brz-css-dweqm\">\n<div class=\"brz-section__content brz-section--boxed brz-css-rymqd brz-css-uzcjp\" data-custom-id=\"ktkfcsexhawyirvmrzfxpheemffmvwvfblme\">\n<div class=\"brz-bg overflow-hidden !z-auto absolute top-0 left-0 w-full h-full\">\n<div class=\"brz-bg-image absolute left-0 w-full bg-no-repeat top-0 h-full bg-cover\"><\/div>\n<div class=\"brz-bg-color absolute top-0 left-0 w-full h-full\"><\/div>\n<\/div>\n<div class=\"brz-container brz-css-ewqsg\">\n<div id class=\"brz-css-vnsre brz-wrapper\">\n<div class=\"brz-rich-text brz-rich-text__custom brz-css-mhkwu\" data-custom-id=\"aekjwqucrtzbnobbzbgmxduwopmqvnhjswgu\">\n<div>\n<p class=\"brz-tp-lg-empty brz-ff-lato brz-ft-google brz-fs-lg-55 brz-fss-lg-px brz-fw-lg-400 brz-ls-lg-0 brz-lh-lg-1_4 brz-css-fmceq\" data-generated-css=\"brz-css-hszpj\" data-uniq-id=\"ogxyg\"><strong class=\"brz-cp-color3\" style=\"opacity: 1\">\/\/<\/strong><strong style=\"opacity: 1\"> SERVI\u00c7OS<\/strong><\/p>\n<p class=\"brz-fs-lg-45 brz-ft-google brz-ff-lato brz-tp-lg-empty brz-lh-lg-1_4 brz-ls-lg-0 brz-fw-lg-400 brz-fss-lg-px brz-fss-xs-px brz-fw-xs-400 brz-ls-xs-0 brz-lh-xs-1_4 brz-tp-xs-empty brz-fs-xs-38 brz-css-qtkjb\" data-generated-css=\"brz-css-mfuvg\" data-uniq-id=\"rbkfb\"><span style=\"opacity: 1\">PROGRAMA DE RASTREIOS DE SA\u00daDE \u00c0 COMUNIDADE<\/span><\/p>\n<\/div>\n<\/div>\n<\/div>\n<\/div>\n<\/div>\n<\/section>\n<section data-uid=\"aujsofbcnuubecttugxnbvodsqgnhysphkxz\" id=\"aujsofbcnuubecttugxnbvodsqgnhysphkxz\" class=\"brz-section brz-css-dweqm\">\n<div class=\"brz-section__content brz-section--boxed brz-css-rymqd brz-css-hnvln\" data-custom-id=\"qqzrcucyblacenbbgrzjnodvffutqkpnczql\">\n<div class=\"brz-container brz-css-ewqsg\">\n<div class=\"brz-row__container brz-css-rgunh\" data-custom-id=\"xgyacdmkyxfocbzakdtwztcfnoblrmjtfkqb\">\n<div class=\"brz-bg overflow-hidden !z-auto absolute top-0 left-0 w-full h-full\"><\/div>\n<div class=\"brz-row brz-css-nmfvs brz-css-edbnz\">\n<div class=\"brz-columns brz-css-pzqqg brz-css-ngenb\" data-custom-id=\"moieikbnnwbrryaptximmdqtjtdelongxfqw\">\n<div class=\"brz-bg overflow-hidden !z-auto absolute top-0 left-0 w-full h-full\"><\/div>\n<div class=\"brz-column__items brz-css-tfuma\">\n<div class=\"brz-wrapper-clone brz-css-znvbs\">\n<div class=\"brz-d-xs-flex brz-flex-xs-wrap brz-css-oagtj brz-css-plzrn\">\n<div class=\"brz-wrapper-clone__item\" id=\"djlnmdgxnmloitcqpswdaodshgdxzgokdxhp\">\n<div class=\"brz-icon__container\" data-custom-id=\"djlnmdgxnmloitcqpswdaodshgdxzgokdxhp\"><span class=\"brz-icon brz-span brz-css-unllw brz-css-lttbp\"><\/span><\/div>\n<\/div>\n<\/div>\n<\/div>\n<\/div>\n<\/div>\n<div class=\"brz-columns brz-css-pzqqg brz-css-tcuww\" data-custom-id=\"fzzeoixknbjuctsaicrtkdopenfmcuovlsve\">\n<div class=\"brz-bg overflow-hidden !z-auto absolute top-0 left-0 w-full h-full\"><\/div>\n<div class=\"brz-column__items brz-css-tfuma\">\n<div id class=\"brz-css-vnsre brz-wrapper\">\n<div class=\"brz-rich-text brz-rich-text__custom brz-css-mhkwu\" data-custom-id=\"nfcpyetnlxdelpaifurfjlzgwflhxboccxtf\">\n<div>\n<h2 class=\"brz-lh-lg-1_3 brz-ls-lg-0 brz-fw-lg-900 brz-fss-lg-px brz-fs-lg-36 brz-ft-google brz-ff-lato brz-tp-lg-empty ql-align-center brz-css-ndxzc\" data-uniq-id=\"jqhpa\" data-generated-css=\"brz-css-bldma\"><strong class=\"brz-cp-color1\" style=\"opacity: 1\">PROGRAMA DE RASTREIOS DE SA\u00daDE \u00c0 COMUNIDADE<\/strong><\/h2>\n<p class=\"brz-tp-lg-njuwqwgfouydihfrwuozaikpirokvtbzkzve ql-align-justify brz-ff-lato brz-ft-google brz-fss-lg-px brz-css-sdbea\" data-uniq-id=\"wipsg\" data-generated-css=\"brz-css-elxwg\"><span style=\"opacity: 1\">Protocolo criado com a C\u00e2mara Municipal de Peniche e a Acompanha em 2020 que visa, atrav\u00e9s de uma Unidade M\u00f3vel de Sa\u00fade, desenvolver a\u00e7\u00f5es de rastreios de sa\u00fade a grupos vulner\u00e1veis, designadamente pessoas idosas, isoladas e\/ou economicamente desfavorecidas em todo o concelho de Peniche. Esta parceria complementa o trabalho efetuado pelo Gabinete de Proximidade Social \u2013 GPS, visando dar respostas de sa\u00fade e sociais aos habitantes do concelho que se<\/span><\/p>\n<p class=\"brz-tp-lg-njuwqwgfouydihfrwuozaikpirokvtbzkzve brz-fss-lg-px brz-ft-google brz-ff-lato ql-align-justify brz-css-cmwxu\" data-uniq-id=\"ccuui\" data-generated-css=\"brz-css-lniia\"><span style=\"opacity: 1\">encontrem vulner\u00e1veis e\/ou com comportamentos desviantes, tendo tamb\u00e9m uma componente de informa\u00e7\u00e3o e sensibiliza\u00e7\u00e3o.<\/span><\/p>\n<\/div>\n<\/div>\n<\/div>\n<\/div>\n<\/div>\n<\/div>\n<\/div>\n<\/div>\n<\/div>\n<\/section>\n<section data-uid=\"cfynavymxxacmtlugpfrtaamdswhiaydbtns\" id=\"cfynavymxxacmtlugpfrtaamdswhiaydbtns\" class=\"brz-section brz-css-dweqm\">\n<div class=\"brz-section__content brz-section--boxed brz-css-rymqd brz-css-ahgqd\" data-custom-id=\"gxgrnosnwodpgyypjnbtiokaruhlvqnmteeu\">\n<div class=\"brz-container brz-css-ewqsg\">\n<div id class=\"brz-css-vnsre brz-css-cxkyt brz-wrapper\">\n<div class=\"brz-image brz-css-xghow\" data-custom-id=\"vmiqnsaztiajqvxbfakotcrxbynykloftory\"><img decoding=\"async\" class=\"brz-img\" src=\"https:\/\/acompanha.pt\/wp-content\/uploads\/brizy\/imgs\/CARRINHA72web-936x494x12x0x913x494x1698747941.jpg\" alt=\"\" loading=\"lazy\"><\/div>\n<\/div>\n<\/div>\n<\/div>\n<\/section>\n<section data-uid=\"lrrlersfkyyqpkgrjbmiyotjpvgptbwttkgu\" id=\"lrrlersfkyyqpkgrjbmiyotjpvgptbwttkgu\" class=\"brz-section brz-css-dweqm\">\n<div class=\"brz-section__content brz-section--boxed brz-css-rymqd brz-css-pdzti\" data-custom-id=\"xansdjlsmorixxbsceefngnkdlkzuwyunubs\">\n<div class=\"brz-container brz-css-ewqsg\">\n<div class=\"brz-row__container brz-css-rgunh\" data-custom-id=\"avxyrexrclsgmhgfldtmydzqvldwatbzfink\">\n<div class=\"brz-bg overflow-hidden !z-auto absolute top-0 left-0 w-full h-full\"><\/div>\n<div class=\"brz-row brz-css-nmfvs brz-css-edbnz\">\n<div class=\"brz-columns brz-css-pzqqg brz-css-peaua\" data-custom-id=\"uwccgdhkghuvuvvkzhipiqjlaqmcqppngtrg\">\n<div class=\"brz-bg overflow-hidden !z-auto absolute top-0 left-0 w-full h-full\"><\/div>\n<div class=\"brz-column__items brz-css-tfuma\">\n<div class=\"brz-wrapper-clone brz-css-znvbs\">\n<div class=\"brz-d-xs-flex brz-flex-xs-wrap brz-css-oagtj brz-css-dmssg\">\n<div class=\"brz-wrapper-clone__item\" id=\"etcllficfeiupeagydfeyuplvmetowhdblfw\">\n<div class=\"brz-icon__container\" data-custom-id=\"etcllficfeiupeagydfeyuplvmetowhdblfw\"><span class=\"brz-icon brz-span brz-css-unllw brz-css-bdtrv\"><\/span><\/div>\n<\/div>\n<\/div>\n<\/div>\n<\/div>\n<\/div>\n<div class=\"brz-columns brz-css-pzqqg brz-css-vivdj\" data-custom-id=\"kbunskpgycedcyisyisfpfivwlpdlhyiwlvd\">\n<div class=\"brz-bg overflow-hidden !z-auto absolute top-0 left-0 w-full h-full\"><\/div>\n<div class=\"brz-column__items brz-css-tfuma\">\n<div id class=\"brz-css-vnsre brz-wrapper\">\n<div class=\"brz-rich-text brz-rich-text__custom brz-css-mhkwu\" data-custom-id=\"cjenhpuvkjjphvayvoetbputeauchcuxvnet\">\n<div>\n<h2 class=\"brz-lh-lg-1_3 brz-ls-lg-m_1_5 brz-fw-lg-700 brz-fss-lg-px brz-fs-lg-36 brz-ft-google brz-ff-lato ql-align-center brz-tp-lg-jzlpognlrtmeknhxezywtxgrijgblrpxdijm brz-css-vtyat\" data-uniq-id=\"xqlsp\" data-generated-css=\"brz-css-qhwne\"><strong class=\"brz-cp-color3\" style=\"opacity: 1\">CONTACTOS<\/strong><\/h2>\n<\/div>\n<\/div>\n<\/div>\n<\/div>\n<\/div>\n<\/div>\n<\/div>\n<div class=\"brz-row__container brz-css-rgunh\" data-custom-id=\"paiposkchzcrvddqwrtfhtjosmksoaiejcox\">\n<div class=\"brz-bg overflow-hidden !z-auto absolute top-0 left-0 w-full h-full\"><\/div>\n<div class=\"brz-row brz-css-nmfvs brz-css-edbnz\">\n<div class=\"brz-columns brz-css-pzqqg brz-css-lsxqq\" data-custom-id=\"xcdpmwabxlvusaiezxxhidityjukljzxmcka\">\n<div class=\"brz-bg overflow-hidden !z-auto absolute top-0 left-0 w-full h-full\"><\/div>\n<div class=\"brz-column__items brz-css-tfuma\"><\/div>\n<\/div>\n<div class=\"brz-columns brz-css-pzqqg brz-css-jciuz\" data-custom-id=\"ooebigfkltpkjehroaspnmtuzfxtnyjberyo\">\n<div class=\"brz-bg overflow-hidden !z-auto absolute top-0 left-0 w-full h-full\"><\/div>\n<div class=\"brz-column__items brz-css-tfuma\">\n<div id class=\"brz-css-vnsre brz-wrapper\">\n<div class=\"brz-rich-text brz-rich-text__custom brz-css-mhkwu\" data-custom-id=\"vcvfyttglpgcspnqvjuzzuxkdfydpwhuvxvw\">\n<div>\n<h2 class=\"brz-tp-lg-njuwqwgfouydihfrwuozaikpirokvtbzkzve brz-lh-lg-1_7 brz-ls-lg-0 brz-fw-lg-400 brz-fss-lg-px brz-ft-google brz-ff-lato ql-align-justify brz-css-hkrgr\" data-generated-css=\"brz-css-hhqjl\" data-uniq-id=\"uwsam\"><span style=\"opacity: 1\" class=\"brz-cp-color7\">Acompanha \u2013 Cooperativa de Solidariedade Social, CRL<\/span><\/h2>\n<h2 class=\"brz-tp-lg-njuwqwgfouydihfrwuozaikpirokvtbzkzve brz-lh-lg-1_7 brz-ls-lg-0 brz-fw-lg-400 brz-fss-lg-px brz-ft-google brz-ff-lato ql-align-justify brz-css-wwpwq\" data-generated-css=\"brz-css-chzho\" data-uniq-id=\"ycsys\"><span style=\"opacity: 1\" class=\"brz-cp-color7\">Rua Marqu\u00eas de Pombal, n.\u00ba 15<\/span><\/h2>\n<h2 class=\"brz-tp-lg-njuwqwgfouydihfrwuozaikpirokvtbzkzve brz-lh-lg-1_7 brz-ls-lg-0 brz-fw-lg-400 brz-fss-lg-px brz-ft-google brz-ff-lato ql-align-justify brz-css-otjtf\" data-generated-css=\"brz-css-dqtjg\" data-uniq-id=\"foqqa\"><span style=\"opacity: 1\" class=\"brz-cp-color7\">2520-476 Peniche<\/span><\/h2>\n<h2 class=\"brz-tp-lg-njuwqwgfouydihfrwuozaikpirokvtbzkzve brz-lh-lg-1_7 brz-ls-lg-0 brz-fw-lg-400 brz-fss-lg-px brz-ft-google brz-ff-lato ql-align-justify brz-css-xqauv\" data-generated-css=\"brz-css-ipzzh\" data-uniq-id=\"hgbld\"><span style=\"opacity: 1\" class=\"brz-cp-color7\">&nbsp;<\/span><\/h2>\n<h2 class=\"brz-tp-lg-njuwqwgfouydihfrwuozaikpirokvtbzkzve brz-lh-lg-1_7 brz-ls-lg-0 brz-fw-lg-400 brz-fss-lg-px brz-ft-google brz-ff-lato ql-align-justify brz-css-gggqm\" data-generated-css=\"brz-css-pirzk\" data-uniq-id=\"gziex\"><span style=\"opacity: 1\" class=\"brz-cp-color7\">Telefone: 262&nbsp;781&nbsp;706<\/span><\/h2>\n<h2 class=\"brz-tp-lg-njuwqwgfouydihfrwuozaikpirokvtbzkzve brz-lh-lg-1_7 brz-ls-lg-0 brz-fw-lg-400 brz-fss-lg-px brz-ft-google brz-ff-lato ql-align-justify brz-css-anoar\" data-generated-css=\"brz-css-hfhlw\" data-uniq-id=\"jmxts\"><span style=\"opacity: 1\" class=\"brz-cp-color7\">Dire\u00e7\u00e3o: 936&nbsp;027&nbsp;596<\/span><\/h2>\n<h2 class=\"brz-tp-lg-njuwqwgfouydihfrwuozaikpirokvtbzkzve brz-lh-lg-1_7 brz-ls-lg-0 brz-fw-lg-400 brz-fss-lg-px brz-ft-google brz-ff-lato ql-align-justify brz-css-wkspp\" data-generated-css=\"brz-css-yfiud\" data-uniq-id=\"jeqhb\"><span style=\"opacity: 1\" class=\"brz-cp-color7\">Servi\u00e7os Administrativos: 936&nbsp;027&nbsp;590<\/span><\/h2>\n<h2 class=\"brz-tp-lg-njuwqwgfouydihfrwuozaikpirokvtbzkzve brz-lh-lg-1_7 brz-ls-lg-0 brz-fw-lg-400 brz-fss-lg-px brz-ft-google brz-ff-lato ql-align-justify brz-css-dtmpx\" data-generated-css=\"brz-css-zeymi\" data-uniq-id=\"whdgf\"><span style=\"opacity: 1\" class=\"brz-cp-color7\">Equipa de Rua <\/span><em style=\"opacity: 1\" class=\"brz-cp-color7\">Porto Mais Seguro<\/em><span style=\"opacity: 1\" class=\"brz-cp-color7\">: 936&nbsp;027 601<\/span><\/h2>\n<h2 class=\"brz-tp-lg-njuwqwgfouydihfrwuozaikpirokvtbzkzve brz-lh-lg-1_7 brz-ls-lg-0 brz-fw-lg-400 brz-fss-lg-px brz-ft-google brz-ff-lato ql-align-justify brz-css-pxknl\" data-generated-css=\"brz-css-adrka\" data-uniq-id=\"ozieq\"><span style=\"opacity: 1\" class=\"brz-cp-color7\">Projeto <\/span><em style=\"opacity: 1\" class=\"brz-cp-color7\">Sidade Alerta<\/em><span style=\"opacity: 1\" class=\"brz-cp-color7\">: 936&nbsp;027&nbsp;603<\/span><\/h2>\n<h2 class=\"brz-tp-lg-njuwqwgfouydihfrwuozaikpirokvtbzkzve ql-align-justify brz-ff-lato brz-ft-google brz-fss-lg-px brz-fw-lg-400 brz-ls-lg-0 brz-lh-lg-1_7 brz-css-kkvtc\" data-generated-css=\"brz-css-omcat\" data-uniq-id=\"slvhl\"><\/h2>\n<\/div>\n<\/div>\n<\/div>\n<\/div>\n<\/div>\n<\/div>\n<\/div>\n<\/div>\n<\/div>\n<\/section>\n<section data-uid=\"pnwnntxgvqjpkzccvydntrgnazbiddxaylew\" id=\"pnwnntxgvqjpkzccvydntrgnazbiddxaylew\" class=\"brz-section brz-css-dweqm\">\n<div class=\"brz-section__content brz-section--boxed brz-css-rymqd brz-css-adblj\" data-custom-id=\"oarktiumetreslqlaefrnbsfzuckdylktqkh\">\n<div class=\"brz-bg overflow-hidden !z-auto absolute top-0 left-0 w-full h-full\">\n<div class=\"brz-bg-color absolute top-0 left-0 w-full h-full\"><\/div>\n<\/div>\n<div class=\"brz-container brz-css-ewqsg\">\n<div id class=\"brz-css-vnsre brz-wrapper\">\n<div class=\"brz-menu-simple brz-css-ixwvk brz-css-kyxlb\">\n<div style=\"min-height:20px\"><\/div>\n<\/div>\n<\/div>\n<\/div>\n<\/div>\n<\/section>\n<section data-uid=\"tspxtvbhzhginpmzdaogffidyxrbcpmtrfbe\" id=\"tspxtvbhzhginpmzdaogffidyxrbcpmtrfbe\" class=\"brz-section brz-css-dweqm\">\n<div class=\"brz-section__content brz-section--boxed brz-css-rymqd brz-css-yhopt\" data-custom-id=\"nshtotnkcalbmedpschkkmircilxhqhvfgbx\">\n<div class=\"brz-bg overflow-hidden !z-auto absolute top-0 left-0 w-full h-full\">\n<div class=\"brz-bg-color absolute top-0 left-0 w-full h-full\"><\/div>\n<\/div>\n<div class=\"brz-container brz-css-ewqsg\">\n<div id class=\"brz-css-vnsre brz-wrapper\">\n<div class=\"brz-rich-text brz-rich-text__custom brz-css-mhkwu\" data-custom-id=\"paiznvtggliidcrlswcwtpauvoqircnfozsd\">\n<div>\n<p class=\"brz-lh-lg-1_9 brz-ls-lg-0 brz-fw-lg-400 brz-fss-lg-px brz-fs-lg-16 brz-ft-google brz-ff-lato brz-tp-lg-empty brz-text-lg-center brz-css-arpnv\" data-uniq-id=\"dkojd\" data-generated-css=\"brz-css-nuhll\"><span style=\"opacity: 1\">Acompanha 2023 | Todos os direitos reservados<\/span><\/p>\n<\/div>\n<\/div>\n<\/div>\n<\/div>\n<\/div>\n<\/section>\n<\/div>\n<p>    <!-- version:1765414617 --><\/p>\n","protected":false},"excerpt":{"rendered":"<p>\/\/ SERVI\u00c7OS PROGRAMA DE RASTREIOS DE SA\u00daDE \u00c0 COMUNIDADE PROGRAMA DE RASTREIOS DE SA\u00daDE \u00c0 COMUNIDADE Protocolo criado com a C\u00e2mara Municipal de Peniche e a Acompanha em 2020 que visa, atrav\u00e9s de uma Unidade M\u00f3vel de Sa\u00fade, desenvolver a\u00e7\u00f5es de rastreios de sa\u00fade a grupos vulner\u00e1veis, designadamente pessoas idosas, isoladas e\/ou economicamente desfavorecidas em [&hellip;]<\/p>\n","protected":false},"author":1,"featured_media":0,"parent":0,"menu_order":0,"comment_status":"closed","ping_status":"closed","template":"brizy-blank-template.php","meta":{"footnotes":""},"class_list":["post-2753","page","type-page","status-publish","hentry"],"_links":{"self":[{"href":"https:\/\/acompanha.pt\/index.php\/wp-json\/wp\/v2\/pages\/2753","targetHints":{"allow":["GET"]}}],"collection":[{"href":"https:\/\/acompanha.pt\/index.php\/wp-json\/wp\/v2\/pages"}],"about":[{"href":"https:\/\/acompanha.pt\/index.php\/wp-json\/wp\/v2\/types\/page"}],"author":[{"embeddable":true,"href":"https:\/\/acompanha.pt\/index.php\/wp-json\/wp\/v2\/users\/1"}],"replies":[{"embeddable":true,"href":"https:\/\/acompanha.pt\/index.php\/wp-json\/wp\/v2\/comments?post=2753"}],"version-history":[{"count":9,"href":"https:\/\/acompanha.pt\/index.php\/wp-json\/wp\/v2\/pages\/2753\/revisions"}],"predecessor-version":[{"id":3500,"href":"https:\/\/acompanha.pt\/index.php\/wp-json\/wp\/v2\/pages\/2753\/revisions\/3500"}],"wp:attachment":[{"href":"https:\/\/acompanha.pt\/index.php\/wp-json\/wp\/v2\/media?parent=2753"}],"curies":[{"name":"wp","href":"https:\/\/api.w.org\/{rel}","templated":true}]}}