{"id":1984,"date":"2023-10-27T18:07:31","date_gmt":"2023-10-27T18:07:31","guid":{"rendered":"https:\/\/acompanha.pt\/?page_id=1984"},"modified":"2025-12-10T13:03:10","modified_gmt":"2025-12-10T13:03:10","slug":"sobre-nos","status":"publish","type":"page","link":"https:\/\/acompanha.pt\/index.php\/sobre-nos\/","title":{"rendered":"SOBRE N\u00d3S"},"content":{"rendered":"<div class=\"brz-root__container brz-reset-all\">\n<section data-uid=\"noonwkpzwkcvwqdqtvafsomvmzjwrypwohkg\" id=\"noonwkpzwkcvwqdqtvafsomvmzjwrypwohkg\" class=\"brz-section brz-css-czodu\">\n<div class=\"brz-section__content brz-section--boxed brz-css-nvpsq brz-css-iwchy\" data-custom-id=\"rdkvrtaaboeqijioktxknkkhkwiadjcbettu\">\n<div class=\"brz-container brz-css-sruqe\">\n<div class=\"brz-row__container brz-css-kctmk\" data-custom-id=\"outvckxhyutwtuuwjnjgpptrnakxzvyrscjy\">\n<div class=\"brz-bg overflow-hidden !z-auto absolute top-0 left-0 w-full h-full\"><\/div>\n<div class=\"brz-row brz-css-jknnn brz-css-pdvai\">\n<div class=\"brz-columns brz-css-kqabf brz-css-inwww\" data-custom-id=\"jbzdwgtpyumpqwgeuabscsggytjwtuhkjtuv\">\n<div class=\"brz-bg overflow-hidden !z-auto absolute top-0 left-0 w-full h-full\"><\/div>\n<div class=\"brz-column__items brz-css-owyhu\">\n<div class=\"brz-wrapper-clone brz-css-zjppe\">\n<div class=\"brz-d-xs-flex brz-flex-xs-wrap brz-css-ssgjc brz-css-quvfl\">\n<div class=\"brz-wrapper-clone__item\" id=\"dosduniftrrigjjvlqpbdypnhjimqpegjbtl\">\n<div class=\"brz-icon__container\" data-custom-id=\"dosduniftrrigjjvlqpbdypnhjimqpegjbtl\"><a class=\"brz-a\" href=\"https:\/\/www.facebook.com\/Acompanha\" target=\"_blank\" rel=\"noopener\" data-brz-link-type=\"external\"><span class=\"brz-icon brz-span brz-css-axwtt brz-css-zzxon\"><\/span><\/a><\/div>\n<\/div>\n<\/div>\n<\/div>\n<\/div>\n<\/div>\n<div class=\"brz-columns brz-css-kqabf brz-css-tyvst\" data-custom-id=\"xoeyutulivcspjtxkwupzbpmjivmbcvwbeua\">\n<div class=\"brz-bg overflow-hidden !z-auto absolute top-0 left-0 w-full h-full\"><\/div>\n<div class=\"brz-column__items brz-css-owyhu\">\n<div class=\"brz-wrapper-clone brz-css-zjppe\">\n<div class=\"brz-d-xs-flex brz-flex-xs-wrap brz-css-ssgjc\">\n<div class=\"brz-wrapper-clone__item\" id=\"gkdldmvjlurtmrfddrvioxtweqlylxxfowtr\">\n<div class=\"brz-icon__container\" data-custom-id=\"gkdldmvjlurtmrfddrvioxtweqlylxxfowtr\"><a class=\"brz-a\" href=\"https:\/\/acompanha.pt\/\" target=\"_self\" rel=\"noopener\" data-brz-link-type=\"page\"><span class=\"brz-icon brz-span brz-css-axwtt brz-css-bksxp\"><!--! Font Awesome Free 6.4.0 by @fontawesome - https:\/\/fontawesome.com License - https:\/\/fontawesome.com\/license\/free (Icons: CC BY 4.0, Fonts: SIL OFL 1.1, Code: MIT License) Copyright 2023 Fonticons, Inc. --><\/span><\/a><\/div>\n<\/div>\n<\/div>\n<\/div>\n<\/div>\n<\/div>\n<div class=\"brz-columns brz-css-kqabf brz-css-cpceu\" data-custom-id=\"xuumpeayecmzsujyunnytdminovwdaimkhym\">\n<div class=\"brz-bg overflow-hidden !z-auto absolute top-0 left-0 w-full h-full\">\n<div class=\"brz-bg-color absolute top-0 left-0 w-full h-full\"><\/div>\n<\/div>\n<div class=\"brz-column__items brz-css-owyhu\">\n<div id class=\"brz-css-xwajt brz-wrapper\">\n<div class=\"brz-menu-simple brz-css-xqlls brz-css-ssjig\">\n<div style=\"min-height:20px\"><\/div>\n<\/div>\n<\/div>\n<\/div>\n<\/div>\n<div class=\"brz-columns brz-css-kqabf brz-css-yplsg\" data-custom-id=\"zedhnnpessflttmwgxrhknxweanwujbtzibo\">\n<div class=\"brz-bg overflow-hidden !z-auto absolute top-0 left-0 w-full h-full\"><\/div>\n<div class=\"brz-column__items brz-css-owyhu\"><\/div>\n<\/div>\n<div class=\"brz-columns brz-css-kqabf brz-css-yvzwd\" data-custom-id=\"bvaniibvcnqoklaeghckbqkpqsylwiibbjya\">\n<div class=\"brz-bg overflow-hidden !z-auto absolute top-0 left-0 w-full h-full\"><\/div>\n<div class=\"brz-column__items brz-css-owyhu\">\n<div id class=\"brz-css-xwajt brz-css-hdafw brz-wrapper\">\n<div class=\"brz-image brz-css-ussjv\" data-custom-id=\"zggcpmwboyvgdniujpexqunwwbhcahxqbzkl\"><img decoding=\"async\" class=\"brz-img brz-img-svg\" src=\"https:\/\/acompanha.pt\/wp-content\/uploads\/2023\/10\/LOGO_NET.gif\" alt=\"\" loading=\"lazy\"><\/div>\n<\/div>\n<\/div>\n<\/div>\n<\/div>\n<\/div>\n<\/div>\n<\/div>\n<\/section>\n<section data-uid=\"ppqghvsgqmdttcuhrsbcpqdtgtggfjwyuuau\" id=\"ppqghvsgqmdttcuhrsbcpqdtgtggfjwyuuau\" class=\"brz-section brz-css-czodu\">\n<div class=\"brz-section__content brz-section--boxed brz-css-nvpsq brz-css-ytbiy\" data-custom-id=\"fsarnigtlwkhhqcnrudqunwfsdnqicsrzxrw\">\n<div class=\"brz-bg overflow-hidden !z-auto absolute top-0 left-0 w-full h-full\">\n<div class=\"brz-bg-image absolute left-0 w-full bg-no-repeat top-0 h-full bg-cover\"><\/div>\n<div class=\"brz-bg-color absolute top-0 left-0 w-full h-full\"><\/div>\n<\/div>\n<div class=\"brz-container brz-css-sruqe\">\n<div id class=\"brz-css-xwajt brz-wrapper\">\n<div class=\"brz-rich-text brz-rich-text__custom brz-css-vsxtu\" data-custom-id=\"idymageomzybrhbzzjdjiljchbtfimtqkixm\">\n<div>\n<p data-generated-css=\"brz-css-pgvaa\" data-uniq-id=\"yekam\" class=\"brz-tp-lg-empty brz-ff-lato brz-ft-google brz-fs-lg-55 brz-fss-lg-px brz-fw-lg-400 brz-ls-lg-0 brz-lh-lg-1_9 brz-css-gmagx\"><span style=\"opacity: 1\">SOBRE N\u00d3S<\/span><\/p>\n<\/div>\n<\/div>\n<\/div>\n<\/div>\n<\/div>\n<\/section>\n<section data-uid=\"rhcujfyxajatqtqdvsscumfapogcpughmgfv\" id=\"rhcujfyxajatqtqdvsscumfapogcpughmgfv\" class=\"brz-section brz-css-czodu\">\n<div class=\"brz-section__content brz-section--boxed brz-css-nvpsq brz-css-rsnca\" data-custom-id=\"pnhiwdxajgwkrrtyvwvrwwbuqbvsypdimgci\">\n<div class=\"brz-container brz-css-sruqe\">\n<div class=\"brz-row__container brz-css-kctmk\" data-custom-id=\"ehbrsizpdkmyqdtzlxfcbypdkzzxhiamtdfm\">\n<div class=\"brz-bg overflow-hidden !z-auto absolute top-0 left-0 w-full h-full\"><\/div>\n<div class=\"brz-row brz-css-jknnn brz-css-pdvai\">\n<div class=\"brz-columns brz-css-kqabf brz-css-cxlwl\" data-custom-id=\"oifvaxnznbhebnfmuyqhjmoiumeknxeiphvp\">\n<div class=\"brz-bg overflow-hidden !z-auto absolute top-0 left-0 w-full h-full\"><\/div>\n<div class=\"brz-column__items brz-css-owyhu\">\n<div id class=\"brz-css-xwajt brz-wrapper\">\n<div class=\"brz-rich-text brz-rich-text__custom brz-css-vsxtu\" data-custom-id=\"fcebmzrznjikjbedzkyqbpvoqgkuwdwqrafx\">\n<div>\n<p class=\"brz-lh-lg-1_7 brz-ls-lg-0 brz-fw-lg-400 brz-fss-lg-px brz-fs-lg-36 brz-ft-google brz-ff-lato brz-tp-lg-empty ql-align-justify brz-css-qbxwc\" data-uniq-id=\"kpski\" data-generated-css=\"brz-css-zaosw\"><span class=\"brz-cp-color7\">MISS\u00c3O<\/span><\/p>\n<p class=\"brz-tp-lg-empty brz-ff-lato brz-ft-google brz-fs-lg-20 brz-fss-lg-px brz-fw-lg-400 brz-ls-lg-0 brz-lh-lg-1_7 brz-css-elmdo\" data-uniq-id=\"xwnbo\" data-generated-css=\"brz-css-rboed\"><span style=\"opacity: 1\">Desenvolvimento de atividades e servi\u00e7os de defesa de direitos e promo\u00e7\u00e3o da qualidade de vida de pessoas individual ou socialmente fragilizadas, designadamente pessoas idosas ou dependentes, marginalizadas, exclu\u00eddas ou em risco de exclus\u00e3o, atrav\u00e9s da presta\u00e7\u00e3o de apoio direto no domic\u00edlio ou na rua, numa l\u00f3gica de intera\u00e7\u00e3o permanente com a Fam\u00edlia e com a Comunidade.<\/span><\/p>\n<\/div>\n<\/div>\n<\/div>\n<\/div>\n<\/div>\n<\/div>\n<\/div>\n<div id class=\"brz-css-xwajt brz-css-unrmv brz-wrapper\">\n<div class=\"brz-spacer brz-css-wagwx\"><\/div>\n<\/div>\n<div class=\"brz-row__container brz-css-kctmk\" data-custom-id=\"cjndvimeptwwjusyzczsrubvozazcafolmhk\">\n<div class=\"brz-bg overflow-hidden !z-auto absolute top-0 left-0 w-full h-full\"><\/div>\n<div class=\"brz-row brz-css-jknnn brz-css-pdvai\">\n<div class=\"brz-columns brz-css-kqabf brz-css-vgcdi\" data-custom-id=\"twkhvbygidylswpzyjklqywfhghgivcczrll\">\n<div class=\"brz-bg overflow-hidden !z-auto absolute top-0 left-0 w-full h-full\"><\/div>\n<div class=\"brz-column__items brz-css-owyhu\">\n<div id class=\"brz-css-xwajt brz-wrapper\">\n<div class=\"brz-rich-text brz-rich-text__custom brz-css-vsxtu\" data-custom-id=\"rfegunogtcqlyivgdigkxdtzxomlqrgoydbo\">\n<div>\n<p class=\"ql-align-justify brz-tp-lg-empty brz-ff-lato brz-ft-google brz-fs-lg-36 brz-fss-lg-px brz-fw-lg-400 brz-ls-lg-0 brz-lh-lg-1_7 brz-css-sfryp\" data-generated-css=\"brz-css-cjspr\" data-uniq-id=\"bbkxo\"><span class=\"brz-cp-color7\">VIS\u00c3O<\/span><\/p>\n<p class=\"brz-lh-lg-1_7 brz-ls-lg-0 brz-fw-lg-400 brz-fss-lg-px brz-fs-lg-20 brz-ft-google brz-ff-lato brz-tp-lg-empty ql-align-justify brz-css-sgyfs\" data-generated-css=\"brz-css-scuid\" data-uniq-id=\"acujp\"><span style=\"opacity: 1\" class=\"brz-cp-color7\">Uma comunidade aberta e empenhada na preven\u00e7\u00e3o da exclus\u00e3o social, que tem dispon\u00edvel um servi\u00e7o social e de sa\u00fade permanente de proximidade, identificado como parceiro quer pelos destinat\u00e1rios diretos, quer pelas entidades locais e<\/span><\/p>\n<p class=\"brz-lh-lg-1_7 brz-ls-lg-0 brz-fw-lg-400 brz-fss-lg-px brz-fs-lg-20 brz-ft-google brz-ff-lato brz-tp-lg-empty brz-css-cneir\" data-generated-css=\"brz-css-hhlab\" data-uniq-id=\"nkfss\"><span style=\"opacity: 1\" class=\"brz-cp-color7\">popula\u00e7\u00e3o em geral, dotado de condi\u00e7\u00f5es para exercer um apoio em tempo real face \u00e0s necessidades e para agilizar as interven\u00e7\u00f5es de dom\u00ednios de especialidade, numa l\u00f3gica de qualidade, efic\u00e1cia e sustentabilidade das respostas.<\/span><\/p>\n<\/div>\n<\/div>\n<\/div>\n<\/div>\n<\/div>\n<\/div>\n<\/div>\n<div id class=\"brz-css-xwajt brz-css-unrmv brz-wrapper\">\n<div class=\"brz-spacer brz-css-wagwx\"><\/div>\n<\/div>\n<div class=\"brz-row__container brz-css-kctmk\" data-custom-id=\"uwjuloovmhephwleinnaoixdajgfedcctnxa\">\n<div class=\"brz-bg overflow-hidden !z-auto absolute top-0 left-0 w-full h-full\"><\/div>\n<div class=\"brz-row brz-css-jknnn brz-css-pdvai\">\n<div class=\"brz-columns brz-css-kqabf brz-css-ucldk\" data-custom-id=\"jhxcnzwcmmrmmhoxtsgpljvtyimsohitffjy\">\n<div class=\"brz-bg overflow-hidden !z-auto absolute top-0 left-0 w-full h-full\"><\/div>\n<div class=\"brz-column__items brz-css-owyhu\">\n<div id class=\"brz-css-xwajt brz-wrapper\">\n<div class=\"brz-rich-text brz-rich-text__custom brz-css-vsxtu\" data-custom-id=\"nhxsmswxapzhdaxxprveytbduaxaggrvfthq\">\n<div>\n<p class=\"brz-lh-lg-1_7 brz-ls-lg-0 brz-fw-lg-400 brz-fss-lg-px brz-fs-lg-36 brz-ft-google brz-ff-lato brz-tp-lg-empty ql-align-justify brz-css-lmzfb\" data-uniq-id=\"jpyjp\" data-generated-css=\"brz-css-ssgzm\"><span class=\"brz-cp-color7\">VALORES<\/span><\/p>\n<p class=\"ql-align-justify brz-tp-lg-empty brz-ff-lato brz-ft-google brz-fs-lg-20 brz-fss-lg-px brz-fw-lg-400 brz-ls-lg-0 brz-lh-lg-1_7 brz-css-gorys\" data-uniq-id=\"zmeif\" data-generated-css=\"brz-css-kgmlq\"><span style=\"opacity: 1\" class=\"brz-cp-color7\">\u2022 Solidariedade<\/span><\/p>\n<p class=\"ql-align-justify brz-tp-lg-empty brz-ff-lato brz-ft-google brz-fs-lg-20 brz-fss-lg-px brz-fw-lg-400 brz-ls-lg-0 brz-lh-lg-1_7 brz-css-ydgeh\" data-uniq-id=\"aysqe\" data-generated-css=\"brz-css-xfggp\"><span style=\"opacity: 1\" class=\"brz-cp-color7\">\u2022 Credibilidade<\/span><\/p>\n<p class=\"ql-align-justify brz-tp-lg-empty brz-ff-lato brz-ft-google brz-fs-lg-20 brz-fss-lg-px brz-fw-lg-400 brz-ls-lg-0 brz-lh-lg-1_7 brz-css-xbbdr\" data-uniq-id=\"gnfjj\" data-generated-css=\"brz-css-spxmi\"><span style=\"opacity: 1\" class=\"brz-cp-color7\">\u2022 Responsabilidade<\/span><\/p>\n<p class=\"ql-align-justify brz-tp-lg-empty brz-ff-lato brz-ft-google brz-fs-lg-20 brz-fss-lg-px brz-fw-lg-400 brz-ls-lg-0 brz-lh-lg-1_7 brz-css-vwssv\" data-uniq-id=\"nifxj\" data-generated-css=\"brz-css-yreuo\"><span style=\"opacity: 1\" class=\"brz-cp-color7\">\u2022 Humanismo<\/span><\/p>\n<p class=\"ql-align-justify brz-tp-lg-empty brz-ff-lato brz-ft-google brz-fs-lg-20 brz-fss-lg-px brz-fw-lg-400 brz-ls-lg-0 brz-lh-lg-1_7 brz-css-qsyky\" data-uniq-id=\"zmtgy\" data-generated-css=\"brz-css-tsimf\"><span style=\"opacity: 1\" class=\"brz-cp-color7\">\u2022 Coopera\u00e7\u00e3o<\/span><\/p>\n<p class=\"brz-tp-lg-empty brz-ff-lato brz-ft-google brz-fs-lg-20 brz-fss-lg-px brz-fw-lg-400 brz-ls-lg-0 brz-lh-lg-1_7 brz-css-awaxz\" data-uniq-id=\"cnvmb\" data-generated-css=\"brz-css-vqosu\"><\/p>\n<\/div>\n<\/div>\n<\/div>\n<\/div>\n<\/div>\n<\/div>\n<\/div>\n<\/div>\n<\/div>\n<\/section>\n<section data-uid=\"pnwnntxgvqjpkzccvydntrgnazbiddxaylew\" id=\"pnwnntxgvqjpkzccvydntrgnazbiddxaylew\" class=\"brz-section brz-css-czodu\">\n<div class=\"brz-section__content brz-section--boxed brz-css-nvpsq brz-css-qeszh\" data-custom-id=\"oarktiumetreslqlaefrnbsfzuckdylktqkh\">\n<div class=\"brz-bg overflow-hidden !z-auto absolute top-0 left-0 w-full h-full\">\n<div class=\"brz-bg-color absolute top-0 left-0 w-full h-full\"><\/div>\n<\/div>\n<div class=\"brz-container brz-css-sruqe\">\n<div id class=\"brz-css-xwajt brz-wrapper\">\n<div class=\"brz-menu-simple brz-css-xqlls brz-css-iifop\">\n<div style=\"min-height:20px\"><\/div>\n<\/div>\n<\/div>\n<\/div>\n<\/div>\n<\/section>\n<section data-uid=\"tspxtvbhzhginpmzdaogffidyxrbcpmtrfbe\" id=\"tspxtvbhzhginpmzdaogffidyxrbcpmtrfbe\" class=\"brz-section brz-css-czodu\">\n<div class=\"brz-section__content brz-section--boxed brz-css-nvpsq brz-css-gmodd\" data-custom-id=\"nshtotnkcalbmedpschkkmircilxhqhvfgbx\">\n<div class=\"brz-bg overflow-hidden !z-auto absolute top-0 left-0 w-full h-full\">\n<div class=\"brz-bg-color absolute top-0 left-0 w-full h-full\"><\/div>\n<\/div>\n<div class=\"brz-container brz-css-sruqe\">\n<div id class=\"brz-css-xwajt brz-wrapper\">\n<div class=\"brz-rich-text brz-rich-text__custom brz-css-vsxtu\" data-custom-id=\"paiznvtggliidcrlswcwtpauvoqircnfozsd\">\n<div>\n<p class=\"brz-lh-lg-1_9 brz-ls-lg-0 brz-fw-lg-400 brz-fss-lg-px brz-fs-lg-16 brz-ft-google brz-ff-lato brz-tp-lg-empty brz-text-lg-center brz-css-jthdj\" data-uniq-id=\"dkojd\" data-generated-css=\"brz-css-nuhll\"><span style=\"opacity: 1\">Acompanha 2023 | Todos os direitos reservados<\/span><\/p>\n<\/div>\n<\/div>\n<\/div>\n<\/div>\n<\/div>\n<\/section>\n<\/div>\n<p>    <!-- version:1765371790 --><\/p>\n","protected":false},"excerpt":{"rendered":"<p>SOBRE N\u00d3S MISS\u00c3O Desenvolvimento de atividades e servi\u00e7os de defesa de direitos e promo\u00e7\u00e3o da qualidade de vida de pessoas individual ou socialmente fragilizadas, designadamente pessoas idosas ou dependentes, marginalizadas, exclu\u00eddas ou em risco de exclus\u00e3o, atrav\u00e9s da presta\u00e7\u00e3o de apoio direto no domic\u00edlio ou na rua, numa l\u00f3gica de intera\u00e7\u00e3o permanente com a Fam\u00edlia [&hellip;]<\/p>\n","protected":false},"author":1,"featured_media":0,"parent":0,"menu_order":0,"comment_status":"closed","ping_status":"closed","template":"brizy-blank-template.php","meta":{"footnotes":""},"class_list":["post-1984","page","type-page","status-publish","hentry"],"_links":{"self":[{"href":"https:\/\/acompanha.pt\/index.php\/wp-json\/wp\/v2\/pages\/1984","targetHints":{"allow":["GET"]}}],"collection":[{"href":"https:\/\/acompanha.pt\/index.php\/wp-json\/wp\/v2\/pages"}],"about":[{"href":"https:\/\/acompanha.pt\/index.php\/wp-json\/wp\/v2\/types\/page"}],"author":[{"embeddable":true,"href":"https:\/\/acompanha.pt\/index.php\/wp-json\/wp\/v2\/users\/1"}],"replies":[{"embeddable":true,"href":"https:\/\/acompanha.pt\/index.php\/wp-json\/wp\/v2\/comments?post=1984"}],"version-history":[{"count":22,"href":"https:\/\/acompanha.pt\/index.php\/wp-json\/wp\/v2\/pages\/1984\/revisions"}],"predecessor-version":[{"id":3380,"href":"https:\/\/acompanha.pt\/index.php\/wp-json\/wp\/v2\/pages\/1984\/revisions\/3380"}],"wp:attachment":[{"href":"https:\/\/acompanha.pt\/index.php\/wp-json\/wp\/v2\/media?parent=1984"}],"curies":[{"name":"wp","href":"https:\/\/api.w.org\/{rel}","templated":true}]}}