{"id":1899,"date":"2023-10-27T14:43:12","date_gmt":"2023-10-27T14:43:12","guid":{"rendered":"https:\/\/acompanha.pt\/?page_id=1899"},"modified":"2025-12-10T09:40:44","modified_gmt":"2025-12-10T09:40:44","slug":"inicio-02","status":"publish","type":"page","link":"https:\/\/acompanha.pt\/","title":{"rendered":"INICIO 02"},"content":{"rendered":"<div class=\"brz-root__container brz-reset-all\">\n<section data-uid=\"noonwkpzwkcvwqdqtvafsomvmzjwrypwohkg\" id=\"noonwkpzwkcvwqdqtvafsomvmzjwrypwohkg\" class=\"brz-section brz-css-bjdpg\">\n<div class=\"brz-section__content brz-section--boxed brz-css-tjvbf brz-css-jxndb\" data-custom-id=\"rdkvrtaaboeqijioktxknkkhkwiadjcbettu\">\n<div class=\"brz-container brz-css-kegfm\">\n<div class=\"brz-row__container brz-css-dyhtl\" data-custom-id=\"outvckxhyutwtuuwjnjgpptrnakxzvyrscjy\">\n<div class=\"brz-bg overflow-hidden !z-auto absolute top-0 left-0 w-full h-full\"><\/div>\n<div class=\"brz-row brz-css-tcosw brz-css-hbeic\">\n<div class=\"brz-columns brz-css-dalbv brz-css-dslic\" data-custom-id=\"jbzdwgtpyumpqwgeuabscsggytjwtuhkjtuv\">\n<div class=\"brz-bg overflow-hidden !z-auto absolute top-0 left-0 w-full h-full\"><\/div>\n<div class=\"brz-column__items brz-css-ioqls\">\n<div class=\"brz-wrapper-clone brz-css-cegau\">\n<div class=\"brz-d-xs-flex brz-flex-xs-wrap brz-css-bfhqi brz-css-eqgef\">\n<div class=\"brz-wrapper-clone__item\" id=\"dosduniftrrigjjvlqpbdypnhjimqpegjbtl\">\n<div class=\"brz-icon__container\" data-custom-id=\"dosduniftrrigjjvlqpbdypnhjimqpegjbtl\"><a class=\"brz-a\" href=\"https:\/\/www.facebook.com\/Acompanha\" target=\"_blank\" rel=\"noopener\" data-brz-link-type=\"external\"><span class=\"brz-icon brz-span brz-css-bnzpi brz-css-qszet\"><\/span><\/a><\/div>\n<\/div>\n<\/div>\n<\/div>\n<\/div>\n<\/div>\n<div class=\"brz-columns brz-css-dalbv brz-css-epbge\" data-custom-id=\"xoeyutulivcspjtxkwupzbpmjivmbcvwbeua\">\n<div class=\"brz-bg overflow-hidden !z-auto absolute top-0 left-0 w-full h-full\"><\/div>\n<div class=\"brz-column__items brz-css-ioqls\">\n<div class=\"brz-wrapper-clone brz-css-cegau\">\n<div class=\"brz-d-xs-flex brz-flex-xs-wrap brz-css-bfhqi\">\n<div class=\"brz-wrapper-clone__item\" id=\"gkdldmvjlurtmrfddrvioxtweqlylxxfowtr\">\n<div class=\"brz-icon__container\" data-custom-id=\"gkdldmvjlurtmrfddrvioxtweqlylxxfowtr\"><a class=\"brz-a\" href=\"https:\/\/acompanha.pt\/\" target=\"_self\" rel=\"noopener\" data-brz-link-type=\"page\"><span class=\"brz-icon brz-span brz-css-bnzpi brz-css-oanwl\"><!--! Font Awesome Free 6.4.0 by @fontawesome - https:\/\/fontawesome.com License - https:\/\/fontawesome.com\/license\/free (Icons: CC BY 4.0, Fonts: SIL OFL 1.1, Code: MIT License) Copyright 2023 Fonticons, Inc. --><\/span><\/a><\/div>\n<\/div>\n<\/div>\n<\/div>\n<\/div>\n<\/div>\n<div class=\"brz-columns brz-css-dalbv brz-css-kpqik\" data-custom-id=\"xuumpeayecmzsujyunnytdminovwdaimkhym\">\n<div class=\"brz-bg overflow-hidden !z-auto absolute top-0 left-0 w-full h-full\">\n<div class=\"brz-bg-color absolute top-0 left-0 w-full h-full\"><\/div>\n<\/div>\n<div class=\"brz-column__items brz-css-ioqls\">\n<div id class=\"brz-css-omzlz brz-wrapper\">\n<div class=\"brz-menu-simple brz-css-nusdu brz-css-qlijt\">\n<div style=\"min-height:20px\"><\/div>\n<\/div>\n<\/div>\n<\/div>\n<\/div>\n<div class=\"brz-columns brz-css-dalbv brz-css-ruoed\" data-custom-id=\"zedhnnpessflttmwgxrhknxweanwujbtzibo\">\n<div class=\"brz-bg overflow-hidden !z-auto absolute top-0 left-0 w-full h-full\"><\/div>\n<div class=\"brz-column__items brz-css-ioqls\"><\/div>\n<\/div>\n<div class=\"brz-columns brz-css-dalbv brz-css-yztuf\" data-custom-id=\"bvaniibvcnqoklaeghckbqkpqsylwiibbjya\">\n<div class=\"brz-bg overflow-hidden !z-auto absolute top-0 left-0 w-full h-full\"><\/div>\n<div class=\"brz-column__items brz-css-ioqls\">\n<div id class=\"brz-css-omzlz brz-css-xuqqo brz-wrapper\">\n<div class=\"brz-image brz-css-xdutj\" data-custom-id=\"zggcpmwboyvgdniujpexqunwwbhcahxqbzkl\"><img decoding=\"async\" class=\"brz-img brz-img-svg\" src=\"https:\/\/acompanha.pt\/wp-content\/uploads\/2023\/10\/LOGO_NET.gif\" alt=\"\" loading=\"lazy\"><\/div>\n<\/div>\n<\/div>\n<\/div>\n<\/div>\n<\/div>\n<\/div>\n<\/div>\n<\/section>\n<section data-uid=\"weakneexmqzzlxhyjfdegequxotglysmuava\" id=\"weakneexmqzzlxhyjfdegequxotglysmuava\" class=\"brz-section brz-css-bjdpg brz-css-lzntg\">\n<div class=\"brz-section__content brz-section--boxed brz-css-tjvbf brz-css-umlna\" data-custom-id=\"sqgdbyzwktyminlaizuyzensuvbejctkilst\">\n<div class=\"brz-bg overflow-hidden !z-auto absolute top-0 left-0 w-full h-full\">\n<div class=\"brz-bg-image absolute left-0 w-full bg-no-repeat top-0 h-full bg-cover\"><\/div>\n<div class=\"brz-bg-color absolute top-0 left-0 w-full h-full\"><\/div>\n<\/div>\n<div class=\"brz-container brz-css-kegfm brz-css-xkaed\">\n<div id class=\"brz-css-omzlz brz-wrapper\">\n<div class=\"brz-rich-text brz-rich-text__custom brz-css-kaabg\" data-custom-id=\"gvqdjcxvlhgllzrmkkkxyhxfstlzklkxhltk\">\n<div>\n<p class=\"brz-fs-xs-45 brz-tp-xs-empty brz-lh-xs-1 brz-ls-xs-0 brz-fw-xs-400 brz-fss-xs-px brz-mt-xs-0 brz-mb-xs-0 brz-tp-lg-empty brz-ff-lato brz-ft-google brz-fs-lg-55 brz-fss-lg-px brz-fw-lg-400 brz-ls-lg-0 brz-lh-lg-1_9 brz-css-rsbov\" data-generated-css=\"brz-css-ovkhm\" data-uniq-id=\"qyfoj\"><span style=\"opacity: 1\">BEM VINDO \u00c0 ACOMPANHA<\/span><\/p>\n<\/div>\n<\/div>\n<\/div>\n<div id class=\"brz-css-omzlz brz-wrapper\">\n<div class=\"brz-rich-text brz-rich-text__custom brz-css-kaabg\" data-custom-id=\"bwmdwlbwtykujazrksvzmanaebxgwgtqgoir\">\n<div>\n<p class=\"brz-fs-xs-24 brz-tp-xs-empty brz-lh-xs-1_4 brz-ls-xs-0 brz-fw-xs-400 brz-fss-xs-px brz-fs-lg-29 brz-ft-google brz-ff-lato brz-tp-lg-empty brz-lh-lg-1_3 brz-ls-lg-0 brz-fw-lg-400 brz-fss-lg-px brz-css-llyny\" data-uniq-id=\"gixni\" data-generated-css=\"brz-css-gkvyk\"><span style=\"opacity: 1\">Somos uma equipa constitu\u00edda por t\u00e9cnicos especializados em diversas \u00e1reas com mais de 24<\/span><\/p>\n<p class=\"brz-fs-xs-24 brz-tp-xs-empty brz-lh-xs-1_4 brz-ls-xs-0 brz-fw-xs-400 brz-fss-xs-px brz-fs-lg-29 brz-ft-google brz-ff-lato brz-tp-lg-empty brz-lh-lg-1_3 brz-ls-lg-0 brz-fw-lg-400 brz-fss-lg-px brz-css-xvybi\" data-uniq-id=\"ehami\" data-generated-css=\"brz-css-hrrxu\"><span style=\"opacity: 1\">anos de experi\u00eancia na interven\u00e7\u00e3o social, comunit\u00e1ria e da sa\u00fade<\/span><\/p>\n<\/div>\n<\/div>\n<\/div>\n<\/div>\n<\/div>\n<\/section>\n<section data-uid=\"emohoiyvletsxwxqiesfgmscwnfcsuxsvswj\" id=\"emohoiyvletsxwxqiesfgmscwnfcsuxsvswj\" class=\"brz-section brz-css-bjdpg\">\n<div class=\"brz-section__content brz-section--boxed brz-css-tjvbf\" data-custom-id=\"wufzisnduashfecuwtzyfzrnuobmqkxhswlc\">\n<div class=\"brz-container brz-css-kegfm\">\n<div id class=\"brz-css-omzlz brz-wrapper\">\n<div class=\"brz-rich-text brz-rich-text__custom brz-css-kaabg\" data-custom-id=\"zvksfxbmqgvwkxsjdbiatxywnjnavprzlttj\">\n<div>\n<p class=\"brz-lh-lg-1_9 brz-ls-lg-0 brz-fw-lg-400 brz-fss-lg-px brz-fs-lg-34 brz-ft-google brz-ff-lato brz-tp-lg-empty brz-tp-xs-empty brz-fs-xs-34 brz-fss-xs-px brz-fw-xs-400 brz-ls-xs-m_0_1 brz-lh-xs-1_3 brz-css-kviko\" data-uniq-id=\"bfczw\" data-generated-css=\"brz-css-rtepo\"><span style=\"opacity: 1\">CONHE\u00c7A A NOSSA HIST\u00d3RIA<\/span><\/p>\n<p class=\"brz-lh-lg-1_7 brz-ls-lg-0 brz-fw-lg-400 brz-fss-lg-px brz-fs-lg-20 brz-ft-google brz-ff-lato brz-tp-lg-empty brz-css-rsrbh\" data-uniq-id=\"bfslz\" data-generated-css=\"brz-css-nxbot\"><span style=\"opacity: 1\">A Acompanha \u00e9 uma Cooperativa de Solidariedade Social, fundada em 1999 e credenciada pela Cooperativa Ant\u00f3nio S\u00e9rgio para a Economia Social (CASES), consignando estatutariamente os seus fins de solidariedade social e com equipara\u00e7\u00e3o \u00e0s Institui\u00e7\u00f5es Particulares de Solidariedade Social (IPSS).<\/span><\/p>\n<p class=\"brz-lh-lg-1_7 brz-ls-lg-0 brz-fw-lg-400 brz-fss-lg-px brz-fs-lg-20 brz-ft-google brz-ff-lato brz-tp-lg-empty brz-css-kwccf\" data-uniq-id=\"zkrgc\" data-generated-css=\"brz-css-xnfra\"><span style=\"opacity: 1\"> <\/span><\/p>\n<p class=\"brz-lh-lg-1_7 brz-ls-lg-0 brz-fw-lg-400 brz-fss-lg-px brz-fs-lg-20 brz-ft-google brz-ff-lato brz-tp-lg-empty brz-css-poaek\" data-uniq-id=\"vudac\" data-generated-css=\"brz-css-xitfh\"><span style=\"opacity: 1\">Apostamos em servi\u00e7os de proximidade prestados a pessoas em situa\u00e7\u00e3o de fragilidade f\u00edsica e psicol\u00f3gica ou social, a pessoas idosas, pessoas com comportamentos aditivos e depend\u00eancias, pessoas sem-abrigo, pessoas com comportamentos de risco a n\u00edvel sexual, com qualidade e rigor, em tempo \u00fatil, respeitando a individualidade de cada um de forma humana, solid\u00e1ria e respons\u00e1vel. Temos 24 anos de experi\u00eancia, atuamos na regi\u00e3o de Peniche, Alcoba\u00e7a, Bombarral, Caldas da Rainha, Lourinh\u00e3, Nazar\u00e9 e \u00d3bidos, todos os dias por semana, apoiando direta e indiretamente cerca de 2000 mil pessoas. Numa \u00f3tica de melhoria das condi\u00e7\u00f5es de vida, equil\u00edbrio e bem-estar dos indiv\u00edduos e fam\u00edlias, apelando \u00e0 envolv\u00eancia de todos n\u00f3s enquanto sociedade civil e respons\u00e1veis pelo bem-estar da popula\u00e7\u00e3o de que fazemos parte.<\/span><\/p>\n<\/div>\n<\/div>\n<\/div>\n<\/div>\n<\/div>\n<\/section>\n<section data-uid=\"ffdcvojdrplldwqyoiyjsmjcwixvwegszaip\" id=\"ffdcvojdrplldwqyoiyjsmjcwixvwegszaip\" class=\"brz-section brz-css-bjdpg\">\n<div class=\"brz-section__content brz-section--boxed brz-css-tjvbf brz-css-xsmvt\" data-custom-id=\"brptmlsbffewdsypaipxwbbtuiutoemjbhkf\">\n<div class=\"brz-container brz-css-kegfm\">\n<div id class=\"brz-css-omzlz brz-wrapper\">\n<div class=\"brz-image brz-css-ysppv\" data-custom-id=\"gmbdogvxzkhzqgsreykawtdxohqteswuzuoa\"><img decoding=\"async\" class=\"brz-img\" src=\"https:\/\/acompanha.pt\/wp-content\/uploads\/brizy\/imgs\/ACOMBANHA72WEB-scaled-1170x418x0x15x1170x388x1698595656.jpg\" alt=\"\" loading=\"lazy\"><\/div>\n<\/div>\n<div id class=\"brz-css-omzlz brz-wrapper\">\n<div class=\"brz-rich-text brz-rich-text__custom brz-css-kaabg\" data-custom-id=\"azcsvrlvliiknjiwmuetrnjpndsltliveqmp\">\n<div>\n<p class=\"brz-bcp-color7 brz-text-lg-center brz-tp-lg-empty brz-ff-lato brz-ft-google brz-fs-lg-19 brz-fss-lg-px brz-fw-lg-400 brz-ls-lg-0 brz-lh-lg-1_7 brz-fss-xs-px brz-fw-xs-400 brz-ls-xs-0 brz-lh-xs-1_4 brz-tp-xs-empty brz-fs-xs-15 brz-css-rhrqo\" data-uniq-id=\"dnhlb\" data-generated-css=\"brz-css-jtutn\"><strong style=\"opacity: 1\">ACOMPANHA &#8211; Cooperativa de Solidariedade Social, C.R.L.<\/strong><\/p>\n<p class=\"brz-text-lg-center brz-tp-lg-empty brz-ff-lato brz-ft-google brz-fs-lg-17 brz-fss-lg-px brz-fw-lg-400 brz-ls-lg-0 brz-lh-lg-1_4 brz-fss-xs-px brz-fw-xs-400 brz-ls-xs-0 brz-lh-xs-1_4 brz-tp-xs-empty brz-fs-xs-15 brz-css-kgtei\" data-uniq-id=\"dfwip\" data-generated-css=\"brz-css-dhxxg\">Rua Marqu\u00eas de Pombal, n.\u00ba 15 | 2520-476 PENICHE<\/p>\n<\/div>\n<\/div>\n<\/div>\n<\/div>\n<\/div>\n<\/section>\n<section data-uid=\"pnwnntxgvqjpkzccvydntrgnazbiddxaylew\" id=\"pnwnntxgvqjpkzccvydntrgnazbiddxaylew\" class=\"brz-section brz-css-bjdpg\">\n<div class=\"brz-section__content brz-section--boxed brz-css-tjvbf brz-css-rtisx\" data-custom-id=\"oarktiumetreslqlaefrnbsfzuckdylktqkh\">\n<div class=\"brz-bg overflow-hidden !z-auto absolute top-0 left-0 w-full h-full\">\n<div class=\"brz-bg-color absolute top-0 left-0 w-full h-full\"><\/div>\n<\/div>\n<div class=\"brz-container brz-css-kegfm\">\n<div id class=\"brz-css-omzlz brz-wrapper\">\n<div class=\"brz-menu-simple brz-css-nusdu brz-css-gexqu\">\n<div style=\"min-height:20px\"><\/div>\n<\/div>\n<\/div>\n<\/div>\n<\/div>\n<\/section>\n<section data-uid=\"tspxtvbhzhginpmzdaogffidyxrbcpmtrfbe\" id=\"tspxtvbhzhginpmzdaogffidyxrbcpmtrfbe\" class=\"brz-section brz-css-bjdpg\">\n<div class=\"brz-section__content brz-section--boxed brz-css-tjvbf brz-css-ykuaf\" data-custom-id=\"nshtotnkcalbmedpschkkmircilxhqhvfgbx\">\n<div class=\"brz-bg overflow-hidden !z-auto absolute top-0 left-0 w-full h-full\">\n<div class=\"brz-bg-color absolute top-0 left-0 w-full h-full\"><\/div>\n<\/div>\n<div class=\"brz-container brz-css-kegfm\">\n<div id class=\"brz-css-omzlz brz-wrapper\">\n<div class=\"brz-rich-text brz-rich-text__custom brz-css-kaabg\" data-custom-id=\"paiznvtggliidcrlswcwtpauvoqircnfozsd\">\n<div>\n<p class=\"brz-lh-lg-1_9 brz-ls-lg-0 brz-fw-lg-400 brz-fss-lg-px brz-fs-lg-16 brz-ft-google brz-ff-lato brz-tp-lg-empty brz-text-lg-center brz-css-bqbph\" data-uniq-id=\"dkojd\" data-generated-css=\"brz-css-nuhll\"><span style=\"opacity: 1\">Acompanha 2023 | Todos os direitos reservados<\/span><\/p>\n<\/div>\n<\/div>\n<\/div>\n<\/div>\n<\/div>\n<\/section>\n<section data-uid=\"ccafjgunmcobwhkuwttaecyyyasbawjtixiv\" id=\"ccafjgunmcobwhkuwttaecyyyasbawjtixiv\" class=\"brz-section brz-css-bjdpg\">\n<div class=\"brz-section__content brz-section--boxed brz-css-tjvbf brz-css-vbaap\" data-custom-id=\"xwvcfxoauinohelhrsiqpotpdccuvswqysmp\">\n<div class=\"brz-container brz-css-kegfm\"><\/div>\n<\/div>\n<\/section>\n<\/div>\n<p>    <!-- version:1765359644 --><\/p>\n","protected":false},"excerpt":{"rendered":"<p>BEM VINDO \u00c0 ACOMPANHA Somos uma equipa constitu\u00edda por t\u00e9cnicos especializados em diversas \u00e1reas com mais de 24 anos de experi\u00eancia na interven\u00e7\u00e3o social, comunit\u00e1ria e da sa\u00fade CONHE\u00c7A A NOSSA HIST\u00d3RIA A Acompanha \u00e9 uma Cooperativa de Solidariedade Social, fundada em 1999 e credenciada pela Cooperativa Ant\u00f3nio S\u00e9rgio para a Economia Social (CASES), consignando [&hellip;]<\/p>\n","protected":false},"author":1,"featured_media":0,"parent":0,"menu_order":0,"comment_status":"closed","ping_status":"closed","template":"brizy-blank-template.php","meta":{"footnotes":""},"class_list":["post-1899","page","type-page","status-publish","hentry"],"_links":{"self":[{"href":"https:\/\/acompanha.pt\/index.php\/wp-json\/wp\/v2\/pages\/1899","targetHints":{"allow":["GET"]}}],"collection":[{"href":"https:\/\/acompanha.pt\/index.php\/wp-json\/wp\/v2\/pages"}],"about":[{"href":"https:\/\/acompanha.pt\/index.php\/wp-json\/wp\/v2\/types\/page"}],"author":[{"embeddable":true,"href":"https:\/\/acompanha.pt\/index.php\/wp-json\/wp\/v2\/users\/1"}],"replies":[{"embeddable":true,"href":"https:\/\/acompanha.pt\/index.php\/wp-json\/wp\/v2\/comments?post=1899"}],"version-history":[{"count":30,"href":"https:\/\/acompanha.pt\/index.php\/wp-json\/wp\/v2\/pages\/1899\/revisions"}],"predecessor-version":[{"id":3581,"href":"https:\/\/acompanha.pt\/index.php\/wp-json\/wp\/v2\/pages\/1899\/revisions\/3581"}],"wp:attachment":[{"href":"https:\/\/acompanha.pt\/index.php\/wp-json\/wp\/v2\/media?parent=1899"}],"curies":[{"name":"wp","href":"https:\/\/api.w.org\/{rel}","templated":true}]}}