{"id":1727,"date":"2023-07-13T16:37:45","date_gmt":"2023-07-13T16:37:45","guid":{"rendered":"https:\/\/acompanha.pt\/?page_id=1727"},"modified":"2023-07-26T16:59:57","modified_gmt":"2023-07-26T16:59:57","slug":"sidade-alerta","status":"publish","type":"page","link":"https:\/\/acompanha.pt\/index.php\/sidade-alerta\/","title":{"rendered":"Sidade Alerta"},"content":{"rendered":"<p>O projeto destina-se a oferecer um servi\u00e7o an\u00f3nimo, gratuito e confidencial, para a realiza\u00e7\u00e3o do teste r\u00e1pido ao VIH, VHB, VHC e S\u00edfilis, promovendo ativamente o acesso \u00e0 preven\u00e7\u00e3o de infe\u00e7\u00f5es sexualmente transmiss\u00edveis em contexto de Centro de Rastreio Comunit\u00e1rio e em Unidade M\u00f3vel de Sa\u00fade.<\/p>\n<p>O modelo de funcionamento adotado visa a promo\u00e7\u00e3o de iniciativas de marketing e outreach criativos, servi\u00e7os gratuitos, aconselhamento, testes com resultados no momento, oferta de preservativos e outros materiais de preven\u00e7\u00e3o e informa\u00e7\u00e3o, garante e acompanha no acesso aos cuidados de sa\u00fade.<\/p>\n<p>A equipa, para al\u00e9m do espa\u00e7o fixo e m\u00f3vel, atua em espa\u00e7os noturnos de lazer\/divers\u00e3o, locais\/zonas de tr\u00e1fico e consumo de subst\u00e2ncias psicoativas e outros locais referenciados nos concelhos de Peniche, Alcoba\u00e7a, Caldas da Rainha, \u00d3bidos, Bombarral e Nazar\u00e9.<\/p>\n<p>&nbsp;<\/p>\n<p><strong>\u00c2mbito de interven\u00e7\u00e3o do projeto<\/strong><\/p>\n<hr \/>\n<ul>\n<li>Infe\u00e7\u00e3o por VIH e Sida, Hepatites V\u00edricas (VHB, VHC), S\u00edfilis e outras Infe\u00e7\u00f5es Sexualmente Transmiss\u00edveis.<\/li>\n<\/ul>\n<p>&nbsp;<\/p>\n<p><strong>Objetivo:<\/strong><\/p>\n<ul>\n<li>Promover ativamente a realiza\u00e7\u00e3o do teste de diagnostico da infe\u00e7\u00e3o por VIH, S\u00edfilis e Hepatites B e C, de forma an\u00f3nima, gratuita e confidencial, com aconselhamento pr\u00e9 e p\u00f3s teste, garantindo a referencia\u00e7\u00e3o dos indiv\u00edduos com resultados reativos para as estruturas de sa\u00fade formais, bem como o seu acompanhamento. Aconselhamentos e referencia\u00e7\u00e3o para PrEP e PPE.<\/li>\n<\/ul>\n<p>&nbsp;<\/p>\n<p><strong>Atividades:<\/strong><\/p>\n<ul>\n<li>Realiza\u00e7\u00e3o de rastreios ao VIH, Hepatite C e B e S\u00edfilis;<\/li>\n<li>Aconselhamento na \u00e1rea do VIH e Sida, Hepatites Virais e outras Infe\u00e7\u00f5es Sexualmente Transmiss\u00edveis;<\/li>\n<li>Interven\u00e7\u00e3o em contexto de <em>Outreach;<\/em><\/li>\n<li>Disponibiliza\u00e7\u00e3o gratuita de preservativos masculinos, femininos e gel lubrificante;<\/li>\n<li>Disponibiliza\u00e7\u00e3o de material informativo;<\/li>\n<li>Encaminhamento e acompanhamento para estruturas formais de sa\u00fade e de apoio social;<\/li>\n<li>Acompanhamento da pessoa seropositiva numa \u00f3tica de autonomiza\u00e7\u00e3o nos cuidados de sa\u00fade.<\/li>\n<li>Apoio psicossocial;<\/li>\n<li>Acesso \u00e0 medica\u00e7\u00e3o de dispensa hospitalar.<\/li>\n<\/ul>\n<p>&nbsp;<\/p>\n<p><strong>Destinat\u00e1rios:<\/strong><\/p>\n<ul>\n<li>Trabalhadores do sexo e seus clientes;<\/li>\n<li>Homens que tem Sexo com Homens;<\/li>\n<li>Utilizadores de Drogas Injet\u00e1veis;<\/li>\n<li>Popula\u00e7\u00e3o Sem-abrigo;<\/li>\n<li>Migrantes;<\/li>\n<li>Popula\u00e7\u00e3o em geral.<\/li>\n<\/ul>\n<p>&nbsp;<\/p>\n<p><strong>Parcerias:<\/strong><\/p>\n<ul>\n<li>\u00a0ADEPE<\/li>\n<li>Administra\u00e7\u00e3o Regional de Sa\u00fade<\/li>\n<li>Agrupamento dos Centros de Sa\u00fade Oeste Norte<\/li>\n<li>Cercipeniche<\/li>\n<li>Junta de Freguesia Ferrel<\/li>\n<li>Junta de Freguesia Serra D\u2019el Rei<\/li>\n<li>Junta Freguesia Atouguia da Baleia<\/li>\n<li>Junta de Freguesia de Peniche<\/li>\n<li>C\u00e2mara Municipal de Peniche<\/li>\n<li>C\u00e2mara Municipal do Bombarral<\/li>\n<li>C\u00e2mara Municipal de \u00d3bidos<\/li>\n<li>C\u00e2mara Municipal da Nazar\u00e9<\/li>\n<li>C\u00e2mara Municipal de Caldas da Rainha<\/li>\n<li>Centro Hospitalar do Oeste<\/li>\n<li>Pol\u00edcia de Seguran\u00e7a P\u00fablica \u2013 Esquadra de Peniche<\/li>\n<li>Rede de Rastreio Comunit\u00e1ria<\/li>\n<\/ul>\n<p>&nbsp;<\/p>\n<p><strong><u>Cofinanciado:<\/u><\/strong><\/p>\n<p>Dire\u00e7\u00e3o Geral de Sa\u00fade<\/p>\n","protected":false},"excerpt":{"rendered":"<p>O projeto destina-se a oferecer um servi\u00e7o an\u00f3nimo, gratuito e confidencial, para a realiza\u00e7\u00e3o do teste r\u00e1pido ao VIH, VHB, VHC e S\u00edfilis, promovendo ativamente o acesso \u00e0 preven\u00e7\u00e3o de infe\u00e7\u00f5es sexualmente transmiss\u00edveis em contexto de Centro de Rastreio Comunit\u00e1rio e em Unidade M\u00f3vel de Sa\u00fade. O modelo de funcionamento adotado visa a promo\u00e7\u00e3o de [&hellip;]<\/p>\n","protected":false},"author":1,"featured_media":0,"parent":0,"menu_order":0,"comment_status":"closed","ping_status":"closed","template":"","meta":{"footnotes":""},"class_list":["post-1727","page","type-page","status-publish","hentry"],"_links":{"self":[{"href":"https:\/\/acompanha.pt\/index.php\/wp-json\/wp\/v2\/pages\/1727","targetHints":{"allow":["GET"]}}],"collection":[{"href":"https:\/\/acompanha.pt\/index.php\/wp-json\/wp\/v2\/pages"}],"about":[{"href":"https:\/\/acompanha.pt\/index.php\/wp-json\/wp\/v2\/types\/page"}],"author":[{"embeddable":true,"href":"https:\/\/acompanha.pt\/index.php\/wp-json\/wp\/v2\/users\/1"}],"replies":[{"embeddable":true,"href":"https:\/\/acompanha.pt\/index.php\/wp-json\/wp\/v2\/comments?post=1727"}],"version-history":[{"count":4,"href":"https:\/\/acompanha.pt\/index.php\/wp-json\/wp\/v2\/pages\/1727\/revisions"}],"predecessor-version":[{"id":1863,"href":"https:\/\/acompanha.pt\/index.php\/wp-json\/wp\/v2\/pages\/1727\/revisions\/1863"}],"wp:attachment":[{"href":"https:\/\/acompanha.pt\/index.php\/wp-json\/wp\/v2\/media?parent=1727"}],"curies":[{"name":"wp","href":"https:\/\/api.w.org\/{rel}","templated":true}]}}