{"id":1725,"date":"2023-07-13T16:37:14","date_gmt":"2023-07-13T16:37:14","guid":{"rendered":"https:\/\/acompanha.pt\/?page_id=1725"},"modified":"2023-07-26T17:01:17","modified_gmt":"2023-07-26T17:01:17","slug":"equipa-de-rua","status":"publish","type":"page","link":"https:\/\/acompanha.pt\/index.php\/equipa-de-rua\/","title":{"rendered":"Equipa de Rua"},"content":{"rendered":"<section class=\"wpb-content-wrapper\"><p>[vc_row][vc_column][vc_column_text]<\/p>\r\n<p>Projeto promovido pela Acompanha em parceria com o Servi\u00e7o de Interven\u00e7\u00e3o nos Comportamentos Aditivos e nas Depend\u00eancias (SICAD), a Equipa de Rua <em>Porto Mais Seguro<\/em>, interv\u00e9m no Concelho de Peniche no \u00e2mbito da Redu\u00e7\u00e3o de Riscos e Minimiza\u00e7\u00e3o de Danos, junto da popula\u00e7\u00e3o utilizadora de subst\u00e2ncias psicoativas (drogas) e suas fam\u00edlias, em articula\u00e7\u00e3o com os servi\u00e7os locais de sa\u00fade e seguran\u00e7a social.<\/p>\r\n<p>Esta resposta de proximidade desenvolve a interven\u00e7\u00e3o em <em>outreach<\/em>, promovendo a utiliza\u00e7\u00e3o de material de consumo ass\u00e9ptico com ado\u00e7\u00e3o de pr\u00e1ticas de consumo de menor risco, com aconselhamentos, troca e distribui\u00e7\u00e3o de material realizados no Gabinete de Apoio e em zonas estrat\u00e9gicas de consumo de subst\u00e2ncias psicoativas ou outros locais referenciados. Desenvolve ainda um Programa de Substitui\u00e7\u00e3o Opi\u00e1cea em Baixo Limiar de Exig\u00eancia.<\/p>\r\n<p>&nbsp;<\/p>\r\n<p><strong>\u00c2mbito de interven\u00e7\u00e3o do projeto<\/strong><\/p>\r\n<hr \/>\r\n<ul>\r\n<li>Redu\u00e7\u00e3o de Riscos e Minimiza\u00e7\u00e3o de Danos nos comportamentos aditivos e depend\u00eancias (CAD).<\/li>\r\n<\/ul>\r\n<p>&nbsp;<\/p>\r\n<p><strong>Objetivos:<\/strong><\/p>\r\n<ul>\r\n<li>Intervir junto dos indiv\u00edduos consumidores de subst\u00e2ncias psicoativas e fam\u00edlias;<\/li>\r\n<li>Reduzir os problemas psico-socio-sanit\u00e1rios associados ao consumo;<\/li>\r\n<li>Salvaguardar a sa\u00fade p\u00fablica, designadamente atrav\u00e9s da promo\u00e7\u00e3o da informa\u00e7\u00e3o junto dos diferentes atores envolvidos e da dissemina\u00e7\u00e3o de boas pr\u00e1ticas;<\/li>\r\n<li>Potenciar e estimular a dinamiza\u00e7\u00e3o das parcerias locais, visando a consolida\u00e7\u00e3o de uma rede para a sensibiliza\u00e7\u00e3o e interven\u00e7\u00e3o na problem\u00e1tica das depend\u00eancias.<\/li>\r\n<\/ul>\r\n<p>&nbsp;<\/p>\r\n<p><strong>Atividades:<\/strong><\/p>\r\n<ul>\r\n<li>Programa de Troca de Seringas &#8211; Disponibiliza\u00e7\u00e3o de material ass\u00e9tico para consumo;<\/li>\r\n<li>Programa de Substitui\u00e7\u00e3o Opi\u00e1cea em Baixo Limiar de Exig\u00eancia;<\/li>\r\n<li>A\u00e7\u00f5es de Sensibiliza\u00e7\u00e3o e Informa\u00e7\u00e3o sobre Infe\u00e7\u00f5es Sexualmente Transmiss\u00edveis e Consumo de Subst\u00e2ncias Psicoativas em locais de divers\u00e3o noturnos com a realiza\u00e7\u00e3o de rastreios de alcool\u00e9mia;<\/li>\r\n<li>A\u00e7\u00f5es de Preven\u00e7\u00e3o e Promo\u00e7\u00e3o de Sa\u00fade em zonas de tr\u00e1fico e consumo de subst\u00e2ncias psicoativas e outros locais referenciados;<\/li>\r\n<li>Encaminhamento e Acompanhamento para estruturas sociais, de sa\u00fade e tratamento de pessoas com CAD;<\/li>\r\n<li>Disponibiliza\u00e7\u00e3o de material informativo;<\/li>\r\n<li>Encaminhamento para a realiza\u00e7\u00e3o rastreios de doen\u00e7as infetocontagiosas;<\/li>\r\n<li>Aconselhamento na \u00e1rea do VIH e Sida, Hepatites Virais e outras Infe\u00e7\u00f5es Sexualmente Transmiss\u00edveis;<\/li>\r\n<li>Apoio psicossocial.<\/li>\r\n<\/ul>\r\n<p>&nbsp;<\/p>\r\n<p><strong>Destinat\u00e1rios:<\/strong><\/p>\r\n<ul>\r\n<li>Consumidores de subst\u00e2ncias;<\/li>\r\n<li>Popula\u00e7\u00e3o de risco n\u00e3o consumidora (sem abrigo ou prostitui\u00e7\u00e3o);<\/li>\r\n<li>Jovens adultos em contexto de divers\u00e3o noturna;<\/li>\r\n<li>Familiares ou outros significativos;<\/li>\r\n<li>Comunidade em geral.<\/li>\r\n<\/ul>\r\n<p>&nbsp;<\/p>\r\n<p><strong>Parcerias:<\/strong><\/p>\r\n<ul>\r\n<li>ACES Oeste Norte<\/li>\r\n<li>Associa\u00e7\u00e3o Juvenil de Peniche<\/li>\r\n<li>Associa\u00e7\u00e3o M\u00fatua Financeira Livre dos Armadores da Pesca Geral do Centro<\/li>\r\n<li>C\u00e2mara Municipal de Peniche<\/li>\r\n<li>Centro Hospitalar do Oeste<\/li>\r\n<li>Cercipeniche<\/li>\r\n<li>Comiss\u00e3o de Dissuas\u00e3o da Toxicodepend\u00eancia &#8211; Leiria<\/li>\r\n<li>Comiss\u00e3o de Dissuas\u00e3o da Toxicodepend\u00eancia \u2013 Lisboa<\/li>\r\n<li>Cri do Oeste<\/li>\r\n<li>Freguesia de Peniche<\/li>\r\n<li>Freguesia Ferrel<\/li>\r\n<li>Freguesia Serra D\u2019el Rei<\/li>\r\n<li>Freguesia Atouguia da Baleia<\/li>\r\n<li>Pol\u00edcia de Seguran\u00e7a P\u00fablica \u2013 Esquadra de Peniche<\/li>\r\n<li>Instituto da Seguran\u00e7a Social, IP<\/li>\r\n<li>Servi\u00e7o de Interven\u00e7\u00e3o nos Comportamentos Aditivos e nas Depend\u00eancias<\/li>\r\n<li>Servi\u00e7os Partilhados do Minist\u00e9rio da Sa\u00fade<\/li>\r\n<li>Sindicato dos Trabalhadores da Pesca do Centro<\/li>\r\n<\/ul>\r\n<p>&nbsp;<\/p>\r\n<p><strong><u>Cofinanciado:<\/u><\/strong><\/p>\r\n<p class=\"wp-block-heading has-text-align-center\" style=\"text-align: left;\">Servi\u00e7o de Interven\u00e7\u00e3o nos Comportamentos Aditivos e nas Depend\u00eancias \u2013 SICAD<\/p>\r\n<p>\u00a0<\/p>\r\n<p>[\/vc_column_text][vc_column_text]<\/p>\r\n<p>\u00a0<\/p>\r\n<p>\r\n\r\nProjeto promovido pela Acompanha em parceria com o Servi\u00e7o de Interven\u00e7\u00e3o nos Comportamentos Aditivos e nas Depend\u00eancias (SICAD), a Equipa de Rua <em>Porto Mais Seguro<\/em>, interv\u00e9m no Concelho de Peniche no \u00e2mbito da Redu\u00e7\u00e3o de Riscos e Minimiza\u00e7\u00e3o de Danos, junto da popula\u00e7\u00e3o utilizadora de subst\u00e2ncias psicoativas (drogas) e suas fam\u00edlias, em articula\u00e7\u00e3o com os servi\u00e7os locais de sa\u00fade e seguran\u00e7a social.<\/p>\r\n<p>Esta resposta de proximidade desenvolve a interven\u00e7\u00e3o em <em>outreach<\/em>, promovendo a utiliza\u00e7\u00e3o de material de consumo ass\u00e9ptico com ado\u00e7\u00e3o de pr\u00e1ticas de consumo de menor risco, com aconselhamentos, troca e distribui\u00e7\u00e3o de material realizados no Gabinete de Apoio e em zonas estrat\u00e9gicas de consumo de subst\u00e2ncias psicoativas ou outros locais referenciados. Desenvolve ainda um Programa de Substitui\u00e7\u00e3o Opi\u00e1cea em Baixo Limiar de Exig\u00eancia.<\/p>\r\n<p><u>\u00c2mbito de interven\u00e7\u00e3o do projeto:<\/u><\/p>\r\n<p>Redu\u00e7\u00e3o de Riscos e Minimiza\u00e7\u00e3o de Danos nos comportamentos aditivos e depend\u00eancias (CAD).<\/p>\r\n<p>&nbsp;<\/p>\r\n<p><strong>Objetivos<\/strong><\/p>\r\n<ul>\r\n<li>Intervir junto dos indiv\u00edduos consumidores de subst\u00e2ncias psicoativas e fam\u00edlias;<\/li>\r\n<li>Reduzir os problemas psico-socio-sanit\u00e1rios associados ao consumo;<\/li>\r\n<li>Salvaguardar a sa\u00fade p\u00fablica, designadamente atrav\u00e9s da promo\u00e7\u00e3o da informa\u00e7\u00e3o junto dos diferentes atores envolvidos e da dissemina\u00e7\u00e3o de boas pr\u00e1ticas;<\/li>\r\n<li>Potenciar e estimular a dinamiza\u00e7\u00e3o das parcerias locais, visando a consolida\u00e7\u00e3o de uma rede para a sensibiliza\u00e7\u00e3o e interven\u00e7\u00e3o na problem\u00e1tica das depend\u00eancias.<\/li>\r\n<\/ul>\r\n<p><strong>Atividades<\/strong><\/p>\r\n<hr \/>\r\n<ul>\r\n<li>Programa de Troca de Seringas &#8211; Disponibiliza\u00e7\u00e3o de material ass\u00e9tico para consumo;<\/li>\r\n<li>Programa de Substitui\u00e7\u00e3o Opi\u00e1cea em Baixo Limiar de Exig\u00eancia;<\/li>\r\n<li>A\u00e7\u00f5es de Sensibiliza\u00e7\u00e3o e Informa\u00e7\u00e3o sobre Infe\u00e7\u00f5es Sexualmente Transmiss\u00edveis e Consumo de Subst\u00e2ncias Psicoativas em locais de divers\u00e3o noturnos com a realiza\u00e7\u00e3o de rastreios de alcool\u00e9mia;<\/li>\r\n<li>A\u00e7\u00f5es de Preven\u00e7\u00e3o e Promo\u00e7\u00e3o de Sa\u00fade em zonas de tr\u00e1fico e consumo de subst\u00e2ncias psicoativas e outros locais referenciados;<\/li>\r\n<li>Encaminhamento e Acompanhamento para estruturas sociais, de sa\u00fade e tratamento de pessoas com CAD;<\/li>\r\n<li>Disponibiliza\u00e7\u00e3o de material informativo;<\/li>\r\n<li>Encaminhamento para a realiza\u00e7\u00e3o rastreios de doen\u00e7as infetocontagiosas;<\/li>\r\n<li>Aconselhamento na \u00e1rea do VIH e Sida, Hepatites Virais e outras Infe\u00e7\u00f5es Sexualmente Transmiss\u00edveis;<\/li>\r\n<li>Apoio psicossocial.<\/li>\r\n<\/ul>\r\n<p>&nbsp;<\/p>\r\n<p><strong>Destinat\u00e1rios<\/strong><\/p>\r\n<hr \/>\r\n<ul>\r\n<li>Consumidores de subst\u00e2ncias;<\/li>\r\n<li>Popula\u00e7\u00e3o de risco n\u00e3o consumidora (sem abrigo ou prostitui\u00e7\u00e3o);<\/li>\r\n<li>Jovens adultos em contexto de divers\u00e3o noturna;<\/li>\r\n<li>Familiares ou outros significativos;<\/li>\r\n<li>Comunidade em geral.<\/li>\r\n<\/ul>\r\n<p>&nbsp;<\/p>\r\n<p><strong>Parcerias<\/strong><\/p>\r\n<hr \/>\r\n<ul>\r\n<li>ACES Oeste Norte<\/li>\r\n<li>Associa\u00e7\u00e3o Juvenil de Peniche<\/li>\r\n<li>Associa\u00e7\u00e3o M\u00fatua Financeira Livre dos Armadores da Pesca Geral do Centro<\/li>\r\n<li>C\u00e2mara Municipal de Peniche<\/li>\r\n<li>Centro Hospitalar do Oeste<\/li>\r\n<li>Cercipeniche<\/li>\r\n<li>Comiss\u00e3o de Dissuas\u00e3o da Toxicodepend\u00eancia &#8211; Leiria<\/li>\r\n<li>Comiss\u00e3o de Dissuas\u00e3o da Toxicodepend\u00eancia \u2013 Lisboa<\/li>\r\n<li>Cri do Oeste<\/li>\r\n<li>Freguesia de Peniche<\/li>\r\n<li>Freguesia Ferrel<\/li>\r\n<li>Freguesia Serra D\u2019el Rei<\/li>\r\n<li>Freguesia Atouguia da Baleia<\/li>\r\n<li>Pol\u00edcia de Seguran\u00e7a P\u00fablica \u2013 Esquadra de Peniche<\/li>\r\n<li>Instituto da Seguran\u00e7a Social, IP<\/li>\r\n<li>Servi\u00e7o de Interven\u00e7\u00e3o nos Comportamentos Aditivos e nas Depend\u00eancias<\/li>\r\n<li>Servi\u00e7os Partilhados do Minist\u00e9rio da Sa\u00fade<\/li>\r\n<li>Sindicato dos Trabalhadores da Pesca do Centro<\/li>\r\n<\/ul>\r\n<p>&nbsp;<\/p>\r\n<p><u>Cofinanciado:<\/u><\/p>\r\n<p class=\"wp-block-heading has-text-align-center\" style=\"text-align: left;\">Servi\u00e7o de Interven\u00e7\u00e3o nos Comportamentos Aditivos e nas Depend\u00eancias \u2013 SICAD<\/p>\r\n<p>[\/vc_column_text][\/vc_column][\/vc_row]<\/p><\/section>","protected":false},"excerpt":{"rendered":"<p>[vc_row][vc_column][vc_column_text] Projeto promovido pela Acompanha em parceria com o Servi\u00e7o de Interven\u00e7\u00e3o nos Comportamentos Aditivos e nas Depend\u00eancias (SICAD), a Equipa de Rua Porto Mais Seguro, interv\u00e9m no Concelho de Peniche no \u00e2mbito da Redu\u00e7\u00e3o de Riscos e Minimiza\u00e7\u00e3o de Danos, junto da popula\u00e7\u00e3o utilizadora de subst\u00e2ncias psicoativas (drogas) e suas fam\u00edlias, em articula\u00e7\u00e3o com [&hellip;]<\/p>\n","protected":false},"author":1,"featured_media":0,"parent":0,"menu_order":0,"comment_status":"closed","ping_status":"closed","template":"","meta":{"footnotes":""},"class_list":["post-1725","page","type-page","status-publish","hentry"],"_links":{"self":[{"href":"https:\/\/acompanha.pt\/index.php\/wp-json\/wp\/v2\/pages\/1725","targetHints":{"allow":["GET"]}}],"collection":[{"href":"https:\/\/acompanha.pt\/index.php\/wp-json\/wp\/v2\/pages"}],"about":[{"href":"https:\/\/acompanha.pt\/index.php\/wp-json\/wp\/v2\/types\/page"}],"author":[{"embeddable":true,"href":"https:\/\/acompanha.pt\/index.php\/wp-json\/wp\/v2\/users\/1"}],"replies":[{"embeddable":true,"href":"https:\/\/acompanha.pt\/index.php\/wp-json\/wp\/v2\/comments?post=1725"}],"version-history":[{"count":9,"href":"https:\/\/acompanha.pt\/index.php\/wp-json\/wp\/v2\/pages\/1725\/revisions"}],"predecessor-version":[{"id":1864,"href":"https:\/\/acompanha.pt\/index.php\/wp-json\/wp\/v2\/pages\/1725\/revisions\/1864"}],"wp:attachment":[{"href":"https:\/\/acompanha.pt\/index.php\/wp-json\/wp\/v2\/media?parent=1725"}],"curies":[{"name":"wp","href":"https:\/\/api.w.org\/{rel}","templated":true}]}}