{"id":1699,"date":"2023-07-13T16:00:04","date_gmt":"2023-07-13T16:00:04","guid":{"rendered":"https:\/\/acompanha.pt\/?page_id=1699"},"modified":"2023-07-13T16:26:19","modified_gmt":"2023-07-13T16:26:19","slug":"visao-missao-e-valores","status":"publish","type":"page","link":"https:\/\/acompanha.pt\/index.php\/visao-missao-e-valores\/","title":{"rendered":"Vis\u00e3o, Miss\u00e3o e Valores"},"content":{"rendered":"\n<p><strong>Miss\u00e3o<\/strong><\/p>\n\n\n\n<p>Desenvolvimento de atividades e servi\u00e7os de defesa de direitos e promo\u00e7\u00e3o da qualidade de vida de pessoas individual ou socialmente fragilizadas, designadamente pessoas idosas ou dependentes, marginalizadas, exclu\u00eddas ou em risco de exclus\u00e3o, atrav\u00e9s da presta\u00e7\u00e3o de apoio direto no domic\u00edlio ou na rua, numa l\u00f3gica de intera\u00e7\u00e3o permanente com a Fam\u00edlia e com a Comunidade.<\/p>\n\n\n\n<p><strong>Miss\u00e3o<\/strong><\/p>\n\n\n\n<p>Uma comunidade aberta e empenhada na preven\u00e7\u00e3o, que tem dispon\u00edvel um servi\u00e7o permanente de proximidade, identificado como parceiro quer pelos destinat\u00e1rios direto, quer pelas entidades locais e popula\u00e7\u00e3o em geral, dotado de condi\u00e7\u00f5es para exercer um apoio em tempo real face \u00e0s necessidades e para agilizar as interven\u00e7\u00f5es de dom\u00ednios de especialidade, numa l\u00f3gica de qualidade, efic\u00e1cia e sustentabilidade das respostas.<\/p>\n\n\n\n<p><strong>Valores &#8211; <\/strong>S\u00e3o estes os princ\u00edpios basilares que t\u00eam vindo a construir o percurso desta organiza\u00e7\u00e3o:<\/p>\n\n\n\n<ul class=\"wp-block-list\">\n<li><em>Solidariedade:<\/em> consiste na ess\u00eancia da atividade que desenvolvemos e deve ter um reflexo claro na forma como lidamos com pessoas e organiza\u00e7\u00f5es;<\/li>\n\n\n\n<li><em>Autenticidade:<\/em> obriga-nos a uma reflex\u00e3o permanente que garanta a genuinidade das posi\u00e7\u00f5es e decis\u00f5es que tomamos;<\/li>\n\n\n\n<li><em>Credibilidade: <\/em>fundamenta-se na coer\u00eancia da a\u00e7\u00e3o que desenvolvemos, na forma como os outros a veem;<\/li>\n\n\n\n<li><em>Responsabilidade:<\/em> reporta-se \u00e0 pondera\u00e7\u00e3o que nos leva a tomar e defender as posi\u00e7\u00f5es estrategicamente mais adequadas;<\/li>\n\n\n\n<li><em>Humanismo:<\/em> as pessoas sempre primeiro, como refer\u00eancia da a\u00e7\u00e3o; Coopera\u00e7\u00e3o: a dimens\u00e3o da partilha assumida como fator de desenvolvimento e for\u00e7a.<\/li>\n<\/ul>\n","protected":false},"excerpt":{"rendered":"<p>Miss\u00e3o Desenvolvimento de atividades e servi\u00e7os de defesa de direitos e promo\u00e7\u00e3o da qualidade de vida de pessoas individual ou socialmente fragilizadas, designadamente pessoas idosas ou dependentes, marginalizadas, exclu\u00eddas ou em risco de exclus\u00e3o, atrav\u00e9s da presta\u00e7\u00e3o de apoio direto no domic\u00edlio ou na rua, numa l\u00f3gica de intera\u00e7\u00e3o permanente com a Fam\u00edlia e com [&hellip;]<\/p>\n","protected":false},"author":1,"featured_media":0,"parent":0,"menu_order":0,"comment_status":"closed","ping_status":"closed","template":"","meta":{"footnotes":""},"class_list":["post-1699","page","type-page","status-publish","hentry"],"_links":{"self":[{"href":"https:\/\/acompanha.pt\/index.php\/wp-json\/wp\/v2\/pages\/1699","targetHints":{"allow":["GET"]}}],"collection":[{"href":"https:\/\/acompanha.pt\/index.php\/wp-json\/wp\/v2\/pages"}],"about":[{"href":"https:\/\/acompanha.pt\/index.php\/wp-json\/wp\/v2\/types\/page"}],"author":[{"embeddable":true,"href":"https:\/\/acompanha.pt\/index.php\/wp-json\/wp\/v2\/users\/1"}],"replies":[{"embeddable":true,"href":"https:\/\/acompanha.pt\/index.php\/wp-json\/wp\/v2\/comments?post=1699"}],"version-history":[{"count":4,"href":"https:\/\/acompanha.pt\/index.php\/wp-json\/wp\/v2\/pages\/1699\/revisions"}],"predecessor-version":[{"id":1718,"href":"https:\/\/acompanha.pt\/index.php\/wp-json\/wp\/v2\/pages\/1699\/revisions\/1718"}],"wp:attachment":[{"href":"https:\/\/acompanha.pt\/index.php\/wp-json\/wp\/v2\/media?parent=1699"}],"curies":[{"name":"wp","href":"https:\/\/api.w.org\/{rel}","templated":true}]}}