{"id":1694,"date":"2023-07-13T15:43:58","date_gmt":"2023-07-13T15:43:58","guid":{"rendered":"https:\/\/acompanha.pt\/?page_id=1694"},"modified":"2023-07-13T16:19:50","modified_gmt":"2023-07-13T16:19:50","slug":"organizacao","status":"publish","type":"page","link":"https:\/\/acompanha.pt\/index.php\/organizacao\/","title":{"rendered":"Organiza\u00e7\u00e3o"},"content":{"rendered":"\n<p>A <strong>Acompanha<\/strong> \u00e9 uma Cooperativa de Solidariedade Social, CRL, credenciada pela Cooperativa Ant\u00f3nio S\u00e9rgio para a Economia Social (CASES), consignando estatutariamente os seus fins de solidariedade social e com equipara\u00e7\u00e3o \u00e0s Institui\u00e7\u00f5es Particulares de Solidariedade Social.<\/p>\n\n\n\n<p>Conforme o disposto no Art.\u00ba 3\u00ba da publica\u00e7\u00e3o da <strong>Acompanha<\/strong> no Di\u00e1rio da Rep\u00fablica de 16 de dezembro de 1999, esta cooperativa <em>\u201cpertence ao ramo da solidariedade social e tem por objetivo o apoio a fam\u00edlias e comunidades socialmente desfavorecidas, a pessoas idosas e a pessoas com defici\u00eancia, podendo para o efeito desenvolver programas de apoio dirigidos para situa\u00e7\u00f5es de doen\u00e7a, velhice, defici\u00eancia e car\u00eancias econ\u00f3micas graves\u201d.<\/em><\/p>\n\n\n\n<p>Na persegui\u00e7\u00e3o destes objetivos constituiu a <strong>Acompanha<\/strong> uma estrutura dotada de autonomia administrativa e financeira, \u00e0 qual, por decis\u00e3o da Comiss\u00e3o para o Mercado Social de Emprego de 16 de dezembro de 1999 foi atribu\u00eddo o estatuto de Empresa de Inser\u00e7\u00e3o. As Empresas de Inser\u00e7\u00e3o consideradas, pela Portaria 348-A de 98, como um instrumento de combate ativo \u00e0 pobreza e a situa\u00e7\u00f5es de fragilidade social constituem uma das solu\u00e7\u00f5es referidas na Resolu\u00e7\u00e3o do Conselho de Ministros n.\u00ba 104\/96, de 9 de julho, que cria o Mercado Social de Emprego e pela diretriz n.\u00ba 10 do Plano Nacional de Emprego.&nbsp;&nbsp;&nbsp;&nbsp;&nbsp;&nbsp;&nbsp;&nbsp;&nbsp;&nbsp;&nbsp;&nbsp;&nbsp;&nbsp;&nbsp;<\/p>\n\n\n\n<p>Deste modo, tem tamb\u00e9m a <strong>Acompanha<\/strong>, no seio da sua candidatura \u00e0 medida \u201cEmpresas de Inser\u00e7\u00e3o\u201d preocupa\u00e7\u00f5es a n\u00edvel da (re) inser\u00e7\u00e3o socioprofissional de indiv\u00edduos desempregados de longa dura\u00e7\u00e3o, ou em situa\u00e7\u00e3o de fragilidade face ao mercado de emprego (regulamentados no disposto no Art.\u00ba 3\u00ba do Cap\u00edtulo I da referida Portaria de 18 de Junho de 1998), mediante a aquisi\u00e7\u00e3o e o desenvolvimento de compet\u00eancias pessoais, sociais e profissionais adequadas ao exerc\u00edcio de atividades que possam contribuir para a promo\u00e7\u00e3o do desenvolvimento do Concelho de Peniche.<\/p>\n\n\n\n<p>Constitu\u00edda desta forma, pretende a Acompanha contribuir para a melhoria das condi\u00e7\u00f5es de vida, equil\u00edbrio e bem-estar dos indiv\u00edduos (idosos e n\u00e3o s\u00f3) e fam\u00edlias, atrav\u00e9s do apoio \u00e0 realiza\u00e7\u00e3o das suas atividades de vida di\u00e1ria, promovendo a sua autonomia, contribuindo para a atenua\u00e7\u00e3o de disfuncionalidades, evitando situa\u00e7\u00f5es de institucionaliza\u00e7\u00e3o, promovendo din\u00e2micas familiares e intergeracionais, apelando \u00e0 envolv\u00eancia de todos n\u00f3s enquanto sociedade civil e respons\u00e1veis pelo bem-estar da popula\u00e7\u00e3o de que fazemos parte.<\/p>\n\n\n\n<p>\u00c9 uma estrutura que, relativamente a outras entidades de dimens\u00e3o local, tem a particularidade de intervir em dom\u00ednios de ineg\u00e1vel import\u00e2ncia para a sa\u00fade e seguran\u00e7a p\u00fablicas. Inserida no tecido social do Concelho de Peniche, a Acompanha tem vindo a responder \u00e0 satisfa\u00e7\u00e3o de necessidades sociais, abrangendo diferentes val\u00eancias:<\/p>\n\n\n\n<ul class=\"wp-block-list\">\n<li>Servi\u00e7o de Apoio Domicili\u00e1rio \u2013 Presta\u00e7\u00e3o de cuidados e servi\u00e7os a fam\u00edlias e\/ou pessoas que se encontram no seu domic\u00edlio, em situa\u00e7\u00e3o de depend\u00eancia f\u00edsica ou ps\u00edquica.<\/li>\n\n\n\n<li>Equipa de Rua Porto Mais Seguro \u2013 \u00c2mbito da Redu\u00e7\u00e3o de Riscos e Minimiza\u00e7\u00e3o de Danos com os Programas de Substitui\u00e7\u00e3o Opi\u00e1cea de Baixo Limiar e Troca de Seringas, junto da popula\u00e7\u00e3o consumidora de subst\u00e2ncias psicoativas e suas fam\u00edlias.<\/li>\n\n\n\n<li>Sidade Alerta \u2013 \u00c2mbito do Programa Nacional para as Infe\u00e7\u00f5es Sexualmente Transmiss\u00edveis e Infe\u00e7\u00e3o pelo V\u00edrus da Imunodefici\u00eancia Humana e do Programa Nacional para as Hepatites Virais, na abordagem associada \u00e0s Infe\u00e7\u00f5es Sexualmente Transmiss\u00edveis Infe\u00e7\u00f5es pelo VIH e Hepatites Virais.<\/li>\n<\/ul>\n\n\n\n<p>Estas equipas desenvolvem uma rela\u00e7\u00e3o de proximidade e informalidade pr\u00f3prias deste tipo de interven\u00e7\u00e3o, conquistando naturalmente um conhecimento privilegiado sobre a comunidade e as suas rela\u00e7\u00f5es com o meio. Desta forma, vamos sendo confrontados com situa\u00e7\u00f5es de fragilidade, muito embora na maioria das vezes se tratem de situa\u00e7\u00f5es silenciadas pela vergonha e pela ilegalidade subjacente; pessoas que vivem nas ruas, que ocupam a via p\u00fablica para o cumprimento das necessidades do seu quotidiano, pernoitam em casas devolutas ou outros espa\u00e7os abandonados. Nalguns casos, estas pessoas mant\u00eam comportamentos aditivos e depend\u00eancias e est\u00e3o socialmente isoladas. Em todos, se encontra um problema de sa\u00fade p\u00fablica, associado \u00e0 doen\u00e7a mental e \u00e0 vulnerabilidade socioecon\u00f3mica, ainda mais condicionada pela atual infla\u00e7\u00e3o.<\/p>\n\n\n\n<p>Temos uma miss\u00e3o nobre que deve ser honrada, respeitada e dignificada para que a hist\u00f3ria destas pessoas continue a ser constru\u00edda todos os dias com dignidade.<\/p>\n","protected":false},"excerpt":{"rendered":"<p>A Acompanha \u00e9 uma Cooperativa de Solidariedade Social, CRL, credenciada pela Cooperativa Ant\u00f3nio S\u00e9rgio para a Economia Social (CASES), consignando estatutariamente os seus fins de solidariedade social e com equipara\u00e7\u00e3o \u00e0s Institui\u00e7\u00f5es Particulares de Solidariedade Social. Conforme o disposto no Art.\u00ba 3\u00ba da publica\u00e7\u00e3o da Acompanha no Di\u00e1rio da Rep\u00fablica de 16 de dezembro de [&hellip;]<\/p>\n","protected":false},"author":1,"featured_media":0,"parent":0,"menu_order":0,"comment_status":"closed","ping_status":"closed","template":"","meta":{"footnotes":""},"class_list":["post-1694","page","type-page","status-publish","hentry"],"_links":{"self":[{"href":"https:\/\/acompanha.pt\/index.php\/wp-json\/wp\/v2\/pages\/1694","targetHints":{"allow":["GET"]}}],"collection":[{"href":"https:\/\/acompanha.pt\/index.php\/wp-json\/wp\/v2\/pages"}],"about":[{"href":"https:\/\/acompanha.pt\/index.php\/wp-json\/wp\/v2\/types\/page"}],"author":[{"embeddable":true,"href":"https:\/\/acompanha.pt\/index.php\/wp-json\/wp\/v2\/users\/1"}],"replies":[{"embeddable":true,"href":"https:\/\/acompanha.pt\/index.php\/wp-json\/wp\/v2\/comments?post=1694"}],"version-history":[{"count":2,"href":"https:\/\/acompanha.pt\/index.php\/wp-json\/wp\/v2\/pages\/1694\/revisions"}],"predecessor-version":[{"id":1698,"href":"https:\/\/acompanha.pt\/index.php\/wp-json\/wp\/v2\/pages\/1694\/revisions\/1698"}],"wp:attachment":[{"href":"https:\/\/acompanha.pt\/index.php\/wp-json\/wp\/v2\/media?parent=1694"}],"curies":[{"name":"wp","href":"https:\/\/api.w.org\/{rel}","templated":true}]}}