{"id":1680,"date":"2023-07-13T11:37:04","date_gmt":"2023-07-13T11:37:04","guid":{"rendered":"https:\/\/acompanha.pt\/?page_id=1680"},"modified":"2023-07-28T10:12:06","modified_gmt":"2023-07-28T10:12:06","slug":"inicio","status":"publish","type":"page","link":"https:\/\/acompanha.pt\/index.php\/inicio\/","title":{"rendered":"INICIO"},"content":{"rendered":"<section class=\"wpb-content-wrapper\"><p>[vc_row][vc_column][vc_column_text]<\/p>\n<div class=\"wp-block-kadence-column kadence-column_fe30b9-f1 inner-column-1\">\n<div class=\"kt-inside-inner-col\">\n<p>&nbsp;<\/p>\n<p>&nbsp;<\/p>\n<p>&nbsp;<\/p>\n<blockquote>\n<p style=\"text-align: center;\">Equipa de t\u00e9cnicos especializados com mais de 20 anos de experi\u00eancia nas \u00e1reas social e da sa\u00fade, dispon\u00edvel 7 dias por semana, 365 dias por ano.<\/p>\n<\/blockquote>\n<p><!-- \/wp:post-content --><br \/>\n<!-- wp:paragraph \/--><\/div>\n<\/div>\n<p><!-- \/wp:kadence\/column --><br \/>\n<!-- wp:kadence\/column {\"id\":2,\"borderWidth\":[\"\",\"\",\"\",\"\"],\"uniqueID\":\"_050812-71\",\"margin\":[-100,30,0,70],\"tabletMargin\":[50,0,0,30],\"mobileMargin\":[30,0,0,0],\"borderStyle\":[{\"top\":[\"\",\"\",\"\"],\"right\":[\"\",\"\",\"\"],\"bottom\":[\"\",\"\",\"\"],\"left\":[\"\",\"\",\"\"],\"unit\":\"px\"}],\"className\":\"inner-column-2\"} --><\/p>\n<div class=\"wp-block-kadence-column kadence-column_050812-71 inner-column-2\">\n<div class=\"kt-inside-inner-col\"><!-- wp:kadence\/advancedgallery {\"uniqueID\":\"_eeca36-92\",\"columns\":[1,1,1,1,1,1],\"thumbSize\":\"full\",\"ids\":[1593],\"type\":\"grid\",\"imageRatio\":\"inherit\",\"captionStyles\":[{\"size\":[\"\",\"\",\"\"],\"sizeType\":\"px\",\"lineHeight\":[\"\",\"\",\"\"],\"lineType\":\"px\",\"letterSpacing\":\"\",\"textTransform\":\"\",\"family\":\"\",\"google\":false,\"style\":\"\",\"weight\":\"\",\"variant\":\"\",\"subset\":\"\",\"loadGoogle\":true,\"color\":\"\",\"background\":\"#000000\",\"backgroundOpacity\":0.5}],\"gutter\":[10,\"\",\"\"],\"carouselHeight\":[300,\"\",\"\"],\"imageRadius\":[6,6,6,6],\"displayShadow\":true,\"shadow\":[{\"color\":\"#000000\",\"opacity\":0.2,\"spread\":0,\"blur\":50,\"hOffset\":0,\"vOffset\":20}],\"shadowHover\":[{\"color\":\"#000000\",\"opacity\":0.2,\"spread\":0,\"blur\":50,\"hOffset\":0,\"vOffset\":20}],\"margin\":[{\"desk\":[30,30,30,30],\"tablet\":[0,0,0,0],\"mobile\":[0,0,0,0]}],\"thumbnailColumns\":[4,4,4,4,4,4],\"imagesDynamic\":[{\"id\":1593,\"link\":\"https:\/\/acompanha.pt\/index.php\/home\/team-2\/\",\"alt\":\"\",\"url\":\"https:\/\/acompanha.pt\/wp-content\/uploads\/2023\/07\/Team-1.jpg\",\"customLink\":\"\",\"linkTarget\":\"\",\"linkSponsored\":\"\",\"thumbUrl\":\"https:\/\/acompanha.pt\/wp-content\/uploads\/2023\/07\/Team-1.jpg\",\"lightUrl\":\"https:\/\/acompanha.pt\/wp-content\/uploads\/2023\/07\/Team-1.jpg\",\"width\":625,\"height\":417}],\"kbVersion\":2} \/--><\/div>\n<\/div>\n<p><!-- \/wp:kadence\/column --><!-- \/wp:kadence\/rowlayout -->&nbsp;[\/vc_column_text][\/vc_column][\/vc_row][vc_row][vc_column][vc_raw_js]JTNDc2NyaXB0JTIwc3JjJTNEJTIyaHR0cHMlM0ElMkYlMkZzdGF0aWMuZWxmc2lnaHQuY29tJTJGcGxhdGZvcm0lMkZwbGF0Zm9ybS5qcyUyMiUyMGRhdGEtdXNlLXNlcnZpY2UtY29yZSUyMGRlZmVyJTNFJTNDJTJGc2NyaXB0JTNFJTBBJTNDZGl2JTIwY2xhc3MlM0QlMjJlbGZzaWdodC1hcHAtOTNiZTFiMjYtYWMyOS00MDcwLWJkM2YtNzNhZDM4YjEwZDQ0JTIyJTNFJTNDJTJGZGl2JTNF[\/vc_raw_js][\/vc_column][\/vc_row]<\/p>\n<\/section>","protected":false},"excerpt":{"rendered":"<p>[vc_row][vc_column][vc_column_text] &nbsp; &nbsp; &nbsp; Equipa de t\u00e9cnicos especializados com mais de 20 anos de experi\u00eancia nas \u00e1reas social e da sa\u00fade, dispon\u00edvel 7 dias por semana, 365 dias por ano. &nbsp;[\/vc_column_text][\/vc_column][\/vc_row][vc_row][vc_column][vc_raw_js]JTNDc2NyaXB0JTIwc3JjJTNEJTIyaHR0cHMlM0ElMkYlMkZzdGF0aWMuZWxmc2lnaHQuY29tJTJGcGxhdGZvcm0lMkZwbGF0Zm9ybS5qcyUyMiUyMGRhdGEtdXNlLXNlcnZpY2UtY29yZSUyMGRlZmVyJTNFJTNDJTJGc2NyaXB0JTNFJTBBJTNDZGl2JTIwY2xhc3MlM0QlMjJlbGZzaWdodC1hcHAtOTNiZTFiMjYtYWMyOS00MDcwLWJkM2YtNzNhZDM4YjEwZDQ0JTIyJTNFJTNDJTJGZGl2JTNF[\/vc_raw_js][\/vc_column][\/vc_row]<\/p>\n","protected":false},"author":1,"featured_media":1578,"parent":0,"menu_order":0,"comment_status":"closed","ping_status":"closed","template":"","meta":{"footnotes":""},"class_list":["post-1680","page","type-page","status-publish","has-post-thumbnail","hentry"],"_links":{"self":[{"href":"https:\/\/acompanha.pt\/index.php\/wp-json\/wp\/v2\/pages\/1680","targetHints":{"allow":["GET"]}}],"collection":[{"href":"https:\/\/acompanha.pt\/index.php\/wp-json\/wp\/v2\/pages"}],"about":[{"href":"https:\/\/acompanha.pt\/index.php\/wp-json\/wp\/v2\/types\/page"}],"author":[{"embeddable":true,"href":"https:\/\/acompanha.pt\/index.php\/wp-json\/wp\/v2\/users\/1"}],"replies":[{"embeddable":true,"href":"https:\/\/acompanha.pt\/index.php\/wp-json\/wp\/v2\/comments?post=1680"}],"version-history":[{"count":17,"href":"https:\/\/acompanha.pt\/index.php\/wp-json\/wp\/v2\/pages\/1680\/revisions"}],"predecessor-version":[{"id":1893,"href":"https:\/\/acompanha.pt\/index.php\/wp-json\/wp\/v2\/pages\/1680\/revisions\/1893"}],"wp:featuredmedia":[{"embeddable":true,"href":"https:\/\/acompanha.pt\/index.php\/wp-json\/wp\/v2\/media\/1578"}],"wp:attachment":[{"href":"https:\/\/acompanha.pt\/index.php\/wp-json\/wp\/v2\/media?parent=1680"}],"curies":[{"name":"wp","href":"https:\/\/api.w.org\/{rel}","templated":true}]}}